{"id":843,"date":"2017-04-13T14:50:43","date_gmt":"2017-04-13T14:50:43","guid":{"rendered":"https:\/\/xml-io.proteusthemes.com\/medicpress\/?post_type=product&amp;p=843"},"modified":"2017-04-13T14:50:43","modified_gmt":"2017-04-13T14:50:43","slug":"hand-cream","status":"publish","type":"product","link":"https:\/\/hornytoy.net\/de\/produkt\/hand-cream\/","title":{"rendered":"Handcreme"},"content":{"rendered":"<p>Alle rohen Lebensmittel m\u00fcssen vor dem Verzehr oder der Zubereitung gr\u00fcndlich gewaschen werden. Wer sich infiziert hat, sollte mindestens drei bis vier Tage nach Abklingen der Symptome weder kochen noch anderen Speisen servieren. Denken Sie daran, die erkrankte Person zu isolieren, um eine Ausbreitung oder ein erneutes Auftreten der Krankheit zu verhindern.<\/p>","protected":false},"excerpt":{"rendered":"<p>Auch wenn eine Magen-Darm-Grippe oder akute Gastroenteritis meist harmlos verl\u00e4uft und von selbst innerhalb weniger Tage abklingt, kann sie einen f\u00fcr einige Tage au\u00dfer Gefecht setzen und extreme M\u00fcdigkeit und Schw\u00e4che verursachen. Da der Darm von der Grippe befallen ist, treten h\u00e4ufig Symptome wie \u00dcbelkeit, Erbrechen, Durchfall und sogar leichtes Fieber auf.<\/p>","protected":false},"featured_media":820,"comment_status":"open","ping_status":"closed","template":"","meta":{"_acf_changed":false},"product_brand":[],"product_cat":[34],"product_tag":[35],"class_list":{"0":"post-843","1":"product","2":"type-product","3":"status-publish","4":"has-post-thumbnail","6":"product_cat-toys","7":"product_tag-medicine","8":"clearfix","9":"article","11":"first","12":"instock","13":"shipping-taxable","14":"purchasable","15":"product-type-simple"},"acf":[],"_links":{"self":[{"href":"https:\/\/hornytoy.net\/de\/wp-json\/wp\/v2\/product\/843","targetHints":{"allow":["GET"]}}],"collection":[{"href":"https:\/\/hornytoy.net\/de\/wp-json\/wp\/v2\/product"}],"about":[{"href":"https:\/\/hornytoy.net\/de\/wp-json\/wp\/v2\/types\/product"}],"replies":[{"embeddable":true,"href":"https:\/\/hornytoy.net\/de\/wp-json\/wp\/v2\/comments?post=843"}],"wp:featuredmedia":[{"embeddable":true,"href":"https:\/\/hornytoy.net\/de\/wp-json\/wp\/v2\/media\/820"}],"wp:attachment":[{"href":"https:\/\/hornytoy.net\/de\/wp-json\/wp\/v2\/media?parent=843"}],"wp:term":[{"taxonomy":"product_brand","embeddable":true,"href":"https:\/\/hornytoy.net\/de\/wp-json\/wp\/v2\/product_brand?post=843"},{"taxonomy":"product_cat","embeddable":true,"href":"https:\/\/hornytoy.net\/de\/wp-json\/wp\/v2\/product_cat?post=843"},{"taxonomy":"product_tag","embeddable":true,"href":"https:\/\/hornytoy.net\/de\/wp-json\/wp\/v2\/product_tag?post=843"}],"curies":[{"name":"wp","href":"https:\/\/api.w.org\/{rel}","templated":true}]}}