{"id":844,"date":"2017-04-13T14:52:50","date_gmt":"2017-04-13T14:52:50","guid":{"rendered":"https:\/\/xml-io.proteusthemes.com\/medicpress\/?post_type=product&amp;p=844"},"modified":"2017-04-13T14:52:50","modified_gmt":"2017-04-13T14:52:50","slug":"flu-syrup","status":"publish","type":"product","link":"https:\/\/hornytoy.net\/de\/produkt\/flu-syrup\/","title":{"rendered":"Grippesirup"},"content":{"rendered":"<p>Gr\u00fcndliche H\u00e4ndehygiene ist die wichtigste und konsequent umzusetzende Ma\u00dfnahme. Die H\u00e4nde m\u00fcssen mindestens 15 Sekunden lang gr\u00fcndlich eingerieben werden. H\u00e4ndedesinfektionsmittel mit mindestens 60 Prozent Alkohol sollten so oft wie m\u00f6glich verwendet werden.<\/p>","protected":false},"excerpt":{"rendered":"<p>Alle freiliegenden Oberfl\u00e4chen im Haus sollten mit einem chlorhaltigen Reiniger abget\u00f6tet werden, um alle Keime abzut\u00f6ten. Es empfiehlt sich, dabei Gummihandschuhe zu tragen. Die Putzlappen sollten anschlie\u00dfend entsorgt oder vor dem n\u00e4chsten Gebrauch mit hei\u00dfem Wasser und Chlor desinfiziert werden.<\/p>","protected":false},"featured_media":821,"comment_status":"open","ping_status":"closed","template":"","meta":{"_acf_changed":false},"product_brand":[],"product_cat":[],"product_tag":[41],"class_list":{"0":"post-844","1":"product","2":"type-product","3":"status-publish","4":"has-post-thumbnail","6":"product_tag-syrup","7":"clearfix","8":"article","10":"first","11":"instock","12":"shipping-taxable","13":"purchasable","14":"product-type-simple"},"acf":[],"_links":{"self":[{"href":"https:\/\/hornytoy.net\/de\/wp-json\/wp\/v2\/product\/844","targetHints":{"allow":["GET"]}}],"collection":[{"href":"https:\/\/hornytoy.net\/de\/wp-json\/wp\/v2\/product"}],"about":[{"href":"https:\/\/hornytoy.net\/de\/wp-json\/wp\/v2\/types\/product"}],"replies":[{"embeddable":true,"href":"https:\/\/hornytoy.net\/de\/wp-json\/wp\/v2\/comments?post=844"}],"wp:featuredmedia":[{"embeddable":true,"href":"https:\/\/hornytoy.net\/de\/wp-json\/wp\/v2\/media\/821"}],"wp:attachment":[{"href":"https:\/\/hornytoy.net\/de\/wp-json\/wp\/v2\/media?parent=844"}],"wp:term":[{"taxonomy":"product_brand","embeddable":true,"href":"https:\/\/hornytoy.net\/de\/wp-json\/wp\/v2\/product_brand?post=844"},{"taxonomy":"product_cat","embeddable":true,"href":"https:\/\/hornytoy.net\/de\/wp-json\/wp\/v2\/product_cat?post=844"},{"taxonomy":"product_tag","embeddable":true,"href":"https:\/\/hornytoy.net\/de\/wp-json\/wp\/v2\/product_tag?post=844"}],"curies":[{"name":"wp","href":"https:\/\/api.w.org\/{rel}","templated":true}]}}