{"id":845,"date":"2017-04-13T14:54:20","date_gmt":"2017-04-13T14:54:20","guid":{"rendered":"https:\/\/xml-io.proteusthemes.com\/medicpress\/?post_type=product&amp;p=845"},"modified":"2017-04-13T14:54:20","modified_gmt":"2017-04-13T14:54:20","slug":"aspirium-pills","status":"publish","type":"product","link":"https:\/\/hornytoy.net\/de\/produkt\/aspirium-pills\/","title":{"rendered":"Aspirium-Tabletten"},"content":{"rendered":"<p>Wenn die Symptome \u00fcber einen l\u00e4ngeren Zeitraum anhalten, kann diese Schlaflosigkeit zu schweren Schlafst\u00f6rungen f\u00fchren. Schauen wir uns einige der Auswirkungen von Stress auf den K\u00f6rper an.<\/p>","protected":false},"excerpt":{"rendered":"<p>Alle rohen Lebensmittel m\u00fcssen vor dem Verzehr oder der Zubereitung gr\u00fcndlich gewaschen werden. Wer sich infiziert hat, sollte mindestens drei bis vier Tage nach Abklingen der Symptome weder kochen noch anderen Speisen servieren. Denken Sie daran, die erkrankte Person zu isolieren, um eine Ausbreitung oder ein erneutes Auftreten der Krankheit zu verhindern.<\/p>","protected":false},"featured_media":823,"comment_status":"open","ping_status":"closed","template":"","meta":{"_acf_changed":false},"product_brand":[],"product_cat":[39],"product_tag":[38],"class_list":{"0":"post-845","1":"product","2":"type-product","3":"status-publish","4":"has-post-thumbnail","6":"product_cat-pills","7":"product_tag-perscription","8":"clearfix","9":"article","11":"first","12":"instock","13":"shipping-taxable","14":"purchasable","15":"product-type-simple"},"acf":[],"_links":{"self":[{"href":"https:\/\/hornytoy.net\/de\/wp-json\/wp\/v2\/product\/845","targetHints":{"allow":["GET"]}}],"collection":[{"href":"https:\/\/hornytoy.net\/de\/wp-json\/wp\/v2\/product"}],"about":[{"href":"https:\/\/hornytoy.net\/de\/wp-json\/wp\/v2\/types\/product"}],"replies":[{"embeddable":true,"href":"https:\/\/hornytoy.net\/de\/wp-json\/wp\/v2\/comments?post=845"}],"wp:featuredmedia":[{"embeddable":true,"href":"https:\/\/hornytoy.net\/de\/wp-json\/wp\/v2\/media\/823"}],"wp:attachment":[{"href":"https:\/\/hornytoy.net\/de\/wp-json\/wp\/v2\/media?parent=845"}],"wp:term":[{"taxonomy":"product_brand","embeddable":true,"href":"https:\/\/hornytoy.net\/de\/wp-json\/wp\/v2\/product_brand?post=845"},{"taxonomy":"product_cat","embeddable":true,"href":"https:\/\/hornytoy.net\/de\/wp-json\/wp\/v2\/product_cat?post=845"},{"taxonomy":"product_tag","embeddable":true,"href":"https:\/\/hornytoy.net\/de\/wp-json\/wp\/v2\/product_tag?post=845"}],"curies":[{"name":"wp","href":"https:\/\/api.w.org\/{rel}","templated":true}]}}