{"id":847,"date":"2017-04-13T14:58:23","date_gmt":"2017-04-13T14:58:23","guid":{"rendered":"https:\/\/xml-io.proteusthemes.com\/medicpress\/?post_type=product&amp;p=847"},"modified":"2017-04-13T14:58:23","modified_gmt":"2017-04-13T14:58:23","slug":"nose-spray","status":"publish","type":"product","link":"https:\/\/hornytoy.net\/de\/produkt\/nose-spray\/","title":{"rendered":"Nasenspray"},"content":{"rendered":"<p>Auch wenn es daf\u00fcr noch keine eindeutigen Beweise gibt, deuten Studien darauf hin, dass Menschen, die unter Stress leben, anf\u00e4lliger f\u00fcr Herzinfarkte sind als Menschen, die Ma\u00dfnahmen ergreifen, um Stress in ihrem Leben abzubauen.<\/p>","protected":false},"excerpt":{"rendered":"<p>Dieses Ph\u00e4nomen wird als \u201eemotionales Essen\u201c bezeichnet. Es beeintr\u00e4chtigt auch den Stoffwechsel und die Verdauung. Die Folge ist eine starke Gewichtszunahme, wodurch das Risiko f\u00fcr verschiedene andere Erkrankungen steigt.<\/p>","protected":false},"featured_media":825,"comment_status":"open","ping_status":"closed","template":"","meta":{"_acf_changed":false},"product_brand":[],"product_cat":[],"product_tag":[38],"class_list":{"0":"post-847","1":"product","2":"type-product","3":"status-publish","4":"has-post-thumbnail","6":"product_tag-perscription","7":"clearfix","8":"article","10":"first","11":"instock","12":"shipping-taxable","13":"purchasable","14":"product-type-simple"},"acf":[],"_links":{"self":[{"href":"https:\/\/hornytoy.net\/de\/wp-json\/wp\/v2\/product\/847","targetHints":{"allow":["GET"]}}],"collection":[{"href":"https:\/\/hornytoy.net\/de\/wp-json\/wp\/v2\/product"}],"about":[{"href":"https:\/\/hornytoy.net\/de\/wp-json\/wp\/v2\/types\/product"}],"replies":[{"embeddable":true,"href":"https:\/\/hornytoy.net\/de\/wp-json\/wp\/v2\/comments?post=847"}],"wp:featuredmedia":[{"embeddable":true,"href":"https:\/\/hornytoy.net\/de\/wp-json\/wp\/v2\/media\/825"}],"wp:attachment":[{"href":"https:\/\/hornytoy.net\/de\/wp-json\/wp\/v2\/media?parent=847"}],"wp:term":[{"taxonomy":"product_brand","embeddable":true,"href":"https:\/\/hornytoy.net\/de\/wp-json\/wp\/v2\/product_brand?post=847"},{"taxonomy":"product_cat","embeddable":true,"href":"https:\/\/hornytoy.net\/de\/wp-json\/wp\/v2\/product_cat?post=847"},{"taxonomy":"product_tag","embeddable":true,"href":"https:\/\/hornytoy.net\/de\/wp-json\/wp\/v2\/product_tag?post=847"}],"curies":[{"name":"wp","href":"https:\/\/api.w.org\/{rel}","templated":true}]}}