{"id":854,"date":"2017-04-13T15:03:40","date_gmt":"2017-04-13T15:03:40","guid":{"rendered":"https:\/\/xml-io.proteusthemes.com\/medicpress\/?post_type=product&amp;p=854"},"modified":"2017-04-13T15:03:40","modified_gmt":"2017-04-13T15:03:40","slug":"warts-remover","status":"publish","type":"product","link":"https:\/\/hornytoy.net\/de\/produkt\/warts-remover\/","title":{"rendered":"Warzenentferner"},"content":{"rendered":"<p>Im Herzen der Stadt gelegen, ist MedicPress ein hochmodernes medizinisches Zentrum, das sich zum Ziel gesetzt hat, sowohl den Einwohnern als auch allen Patienten, die sich an uns wenden, eine umfassende Gesundheitsversorgung zu m\u00f6glichst g\u00fcnstigen Preisen anzubieten.<\/p>","protected":false},"excerpt":{"rendered":"<p>Wir bieten einen umfassenden Service: Zun\u00e4chst laden wir alle unsere Patienten zu unserer allgemeinen Sprechstunde im Freien ein und beraten sie anschlie\u00dfend je nach Bedarf zu einer spezialisierten Behandlung. So gew\u00e4hrleisten wir letztendlich die bestm\u00f6gliche Herzversorgung zum g\u00fcnstigsten Preis.<\/p>","protected":false},"featured_media":827,"comment_status":"open","ping_status":"closed","template":"","meta":{"_acf_changed":false},"product_brand":[],"product_cat":[34],"product_tag":[37],"class_list":{"0":"post-854","1":"product","2":"type-product","3":"status-publish","4":"has-post-thumbnail","6":"product_cat-toys","7":"product_tag-no-prescription","8":"clearfix","9":"article","11":"first","12":"instock","13":"shipping-taxable","14":"purchasable","15":"product-type-simple"},"acf":[],"_links":{"self":[{"href":"https:\/\/hornytoy.net\/de\/wp-json\/wp\/v2\/product\/854","targetHints":{"allow":["GET"]}}],"collection":[{"href":"https:\/\/hornytoy.net\/de\/wp-json\/wp\/v2\/product"}],"about":[{"href":"https:\/\/hornytoy.net\/de\/wp-json\/wp\/v2\/types\/product"}],"replies":[{"embeddable":true,"href":"https:\/\/hornytoy.net\/de\/wp-json\/wp\/v2\/comments?post=854"}],"wp:featuredmedia":[{"embeddable":true,"href":"https:\/\/hornytoy.net\/de\/wp-json\/wp\/v2\/media\/827"}],"wp:attachment":[{"href":"https:\/\/hornytoy.net\/de\/wp-json\/wp\/v2\/media?parent=854"}],"wp:term":[{"taxonomy":"product_brand","embeddable":true,"href":"https:\/\/hornytoy.net\/de\/wp-json\/wp\/v2\/product_brand?post=854"},{"taxonomy":"product_cat","embeddable":true,"href":"https:\/\/hornytoy.net\/de\/wp-json\/wp\/v2\/product_cat?post=854"},{"taxonomy":"product_tag","embeddable":true,"href":"https:\/\/hornytoy.net\/de\/wp-json\/wp\/v2\/product_tag?post=854"}],"curies":[{"name":"wp","href":"https:\/\/api.w.org\/{rel}","templated":true}]}}