{"id":855,"date":"2017-04-13T15:04:46","date_gmt":"2017-04-13T15:04:46","guid":{"rendered":"https:\/\/xml-io.proteusthemes.com\/medicpress\/?post_type=product&amp;p=855"},"modified":"2017-04-13T15:04:46","modified_gmt":"2017-04-13T15:04:46","slug":"gombi-pills","status":"publish","type":"product","link":"https:\/\/hornytoy.net\/de\/produkt\/gombi-pills\/","title":{"rendered":"Gombi-Pillen"},"content":{"rendered":"<p>MedicPress bekr\u00e4ftigt sein Versprechen, allen zu helfen und denen Hoffnung zu geben, die sie verloren haben. Dabei steht uns einerseits ein hochqualifiziertes Expertenteam von \u00c4rzten zur Seite, das sich um die Patienten k\u00fcmmert; andererseits engagiert sich ein vorbildliches Team von freiwilligen \u00c4rzten und pensionierten Medizinern.<\/p>","protected":false},"excerpt":{"rendered":"<p>Dank der familienorientierten Richtlinien der Klinik und unseres \u00e4u\u00dferst f\u00fcrsorglichen und verst\u00e4ndnisvollen Personals sorgen wir daf\u00fcr, dass sich jeder Patient in allen Lebensphasen wie zu Hause f\u00fchlt und gut betreut wird.<\/p>","protected":false},"featured_media":828,"comment_status":"open","ping_status":"closed","template":"","meta":{"_acf_changed":false},"product_brand":[],"product_cat":[39],"product_tag":[38],"class_list":{"0":"post-855","1":"product","2":"type-product","3":"status-publish","4":"has-post-thumbnail","6":"product_cat-pills","7":"product_tag-perscription","8":"clearfix","9":"article","11":"first","12":"instock","13":"shipping-taxable","14":"purchasable","15":"product-type-simple"},"acf":[],"_links":{"self":[{"href":"https:\/\/hornytoy.net\/de\/wp-json\/wp\/v2\/product\/855","targetHints":{"allow":["GET"]}}],"collection":[{"href":"https:\/\/hornytoy.net\/de\/wp-json\/wp\/v2\/product"}],"about":[{"href":"https:\/\/hornytoy.net\/de\/wp-json\/wp\/v2\/types\/product"}],"replies":[{"embeddable":true,"href":"https:\/\/hornytoy.net\/de\/wp-json\/wp\/v2\/comments?post=855"}],"wp:featuredmedia":[{"embeddable":true,"href":"https:\/\/hornytoy.net\/de\/wp-json\/wp\/v2\/media\/828"}],"wp:attachment":[{"href":"https:\/\/hornytoy.net\/de\/wp-json\/wp\/v2\/media?parent=855"}],"wp:term":[{"taxonomy":"product_brand","embeddable":true,"href":"https:\/\/hornytoy.net\/de\/wp-json\/wp\/v2\/product_brand?post=855"},{"taxonomy":"product_cat","embeddable":true,"href":"https:\/\/hornytoy.net\/de\/wp-json\/wp\/v2\/product_cat?post=855"},{"taxonomy":"product_tag","embeddable":true,"href":"https:\/\/hornytoy.net\/de\/wp-json\/wp\/v2\/product_tag?post=855"}],"curies":[{"name":"wp","href":"https:\/\/api.w.org\/{rel}","templated":true}]}}