{"id":857,"date":"2017-04-13T15:06:53","date_gmt":"2017-04-13T15:06:53","guid":{"rendered":"https:\/\/xml-io.proteusthemes.com\/medicpress\/?post_type=product&amp;p=857"},"modified":"2017-04-13T15:06:53","modified_gmt":"2017-04-13T15:06:53","slug":"cocoa-body-cream","status":"publish","type":"product","link":"https:\/\/hornytoy.net\/de\/produkt\/cocoa-body-cream\/","title":{"rendered":"Kakao-K\u00f6rpercreme"},"content":{"rendered":"<p>Dank unserer familienorientierten Klinikpolitik und unseres \u00fcberaus f\u00fcrsorglichen und einf\u00fchlsamen Teams sorgen wir daf\u00fcr, dass sich jeder Patient in jeder Lebensphase wie zu Hause f\u00fchlt und bestens betreut wird. Mit unserem freundlichen Team und der entspannten Atmosph\u00e4re m\u00f6chten wir jedem Patienten maximalen Komfort und Wohlbefinden bieten. <\/p>","protected":false},"excerpt":{"rendered":"<p>Wir haben rund um die Uhr ge\u00f6ffnet; Patienten k\u00f6nnen ihre Termine flexibel zu einem f\u00fcr sie passenden Zeitpunkt vereinbaren und so Wartezeiten minimieren. Wir legen Wert auf schnellen Service. <\/p>","protected":false},"featured_media":830,"comment_status":"open","ping_status":"closed","template":"","meta":{"_acf_changed":false},"product_brand":[],"product_cat":[34],"product_tag":[35],"class_list":{"0":"post-857","1":"product","2":"type-product","3":"status-publish","4":"has-post-thumbnail","6":"product_cat-toys","7":"product_tag-medicine","8":"clearfix","9":"article","11":"first","12":"instock","13":"shipping-taxable","14":"purchasable","15":"product-type-simple"},"acf":[],"_links":{"self":[{"href":"https:\/\/hornytoy.net\/de\/wp-json\/wp\/v2\/product\/857","targetHints":{"allow":["GET"]}}],"collection":[{"href":"https:\/\/hornytoy.net\/de\/wp-json\/wp\/v2\/product"}],"about":[{"href":"https:\/\/hornytoy.net\/de\/wp-json\/wp\/v2\/types\/product"}],"replies":[{"embeddable":true,"href":"https:\/\/hornytoy.net\/de\/wp-json\/wp\/v2\/comments?post=857"}],"wp:featuredmedia":[{"embeddable":true,"href":"https:\/\/hornytoy.net\/de\/wp-json\/wp\/v2\/media\/830"}],"wp:attachment":[{"href":"https:\/\/hornytoy.net\/de\/wp-json\/wp\/v2\/media?parent=857"}],"wp:term":[{"taxonomy":"product_brand","embeddable":true,"href":"https:\/\/hornytoy.net\/de\/wp-json\/wp\/v2\/product_brand?post=857"},{"taxonomy":"product_cat","embeddable":true,"href":"https:\/\/hornytoy.net\/de\/wp-json\/wp\/v2\/product_cat?post=857"},{"taxonomy":"product_tag","embeddable":true,"href":"https:\/\/hornytoy.net\/de\/wp-json\/wp\/v2\/product_tag?post=857"}],"curies":[{"name":"wp","href":"https:\/\/api.w.org\/{rel}","templated":true}]}}