{"id":860,"date":"2017-04-13T15:11:43","date_gmt":"2017-04-13T15:11:43","guid":{"rendered":"https:\/\/xml-io.proteusthemes.com\/medicpress\/?post_type=product&amp;p=860"},"modified":"2017-04-13T15:11:43","modified_gmt":"2017-04-13T15:11:43","slug":"nail-health-kit","status":"publish","type":"product","link":"https:\/\/hornytoy.net\/de\/produkt\/nail-health-kit\/","title":{"rendered":"Nagelpflege-Set"},"content":{"rendered":"<p>Wir bieten einen umfassenden Service: Zun\u00e4chst laden wir alle unsere Patienten zu unserer allgemeinen Sprechstunde im Freien ein und beraten sie anschlie\u00dfend je nach Bedarf zu einer spezialisierten Behandlung. So gew\u00e4hrleisten wir letztendlich die bestm\u00f6gliche Herzversorgung zum g\u00fcnstigsten Preis.<\/p>","protected":false},"excerpt":{"rendered":"<p>Mit unseren station\u00e4ren und ambulanten Einrichtungen bieten wir eine einzigartige Kombination aus ehrlicher und individueller Betreuung, erstklassiger Diagnostik und fachkundiger Behandlung unter der Aufsicht von Experten auf h\u00f6chstem Niveau. <\/p>","protected":false},"featured_media":833,"comment_status":"open","ping_status":"closed","template":"","meta":{"_acf_changed":false},"product_brand":[],"product_cat":[40],"product_tag":[37],"class_list":{"0":"post-860","1":"product","2":"type-product","3":"status-publish","4":"has-post-thumbnail","6":"product_cat-set","7":"product_tag-no-prescription","8":"clearfix","9":"article","11":"first","12":"instock","13":"shipping-taxable","14":"purchasable","15":"product-type-simple"},"acf":[],"_links":{"self":[{"href":"https:\/\/hornytoy.net\/de\/wp-json\/wp\/v2\/product\/860","targetHints":{"allow":["GET"]}}],"collection":[{"href":"https:\/\/hornytoy.net\/de\/wp-json\/wp\/v2\/product"}],"about":[{"href":"https:\/\/hornytoy.net\/de\/wp-json\/wp\/v2\/types\/product"}],"replies":[{"embeddable":true,"href":"https:\/\/hornytoy.net\/de\/wp-json\/wp\/v2\/comments?post=860"}],"wp:featuredmedia":[{"embeddable":true,"href":"https:\/\/hornytoy.net\/de\/wp-json\/wp\/v2\/media\/833"}],"wp:attachment":[{"href":"https:\/\/hornytoy.net\/de\/wp-json\/wp\/v2\/media?parent=860"}],"wp:term":[{"taxonomy":"product_brand","embeddable":true,"href":"https:\/\/hornytoy.net\/de\/wp-json\/wp\/v2\/product_brand?post=860"},{"taxonomy":"product_cat","embeddable":true,"href":"https:\/\/hornytoy.net\/de\/wp-json\/wp\/v2\/product_cat?post=860"},{"taxonomy":"product_tag","embeddable":true,"href":"https:\/\/hornytoy.net\/de\/wp-json\/wp\/v2\/product_tag?post=860"}],"curies":[{"name":"wp","href":"https:\/\/api.w.org\/{rel}","templated":true}]}}