{"id":843,"date":"2017-04-13T14:50:43","date_gmt":"2017-04-13T14:50:43","guid":{"rendered":"https:\/\/xml-io.proteusthemes.com\/medicpress\/?post_type=product&amp;p=843"},"modified":"2017-04-13T14:50:43","modified_gmt":"2017-04-13T14:50:43","slug":"hand-cream","status":"publish","type":"product","link":"https:\/\/hornytoy.net\/es\/producto\/hand-cream\/","title":{"rendered":"Crema para manos"},"content":{"rendered":"<p>Todos los alimentos crudos deben lavarse bien antes de consumirlos o cocinarlos. Si alguien ha contra\u00eddo la infecci\u00f3n, no debe cocinar ni servir alimentos a otras personas durante al menos tres o cuatro d\u00edas despu\u00e9s de que hayan desaparecido los s\u00edntomas. Por \u00faltimo, recuerde aislar a la persona enferma para prevenir la propagaci\u00f3n o una reca\u00edda.<\/p>","protected":false},"excerpt":{"rendered":"<p>Aunque la gastroenteritis aguda suele ser benigna y autolimitada, desapareciendo en pocos d\u00edas, puede causar malestar durante algunos d\u00edas y dejarte extremadamente cansado y d\u00e9bil. Al afectar los intestinos, es frecuente presentar s\u00edntomas como n\u00e1useas, v\u00f3mitos, diarrea e incluso fiebre leve.<\/p>","protected":false},"featured_media":820,"comment_status":"open","ping_status":"closed","template":"","meta":{"_acf_changed":false},"product_brand":[],"product_cat":[34],"product_tag":[35],"class_list":{"0":"post-843","1":"product","2":"type-product","3":"status-publish","4":"has-post-thumbnail","6":"product_cat-toys","7":"product_tag-medicine","8":"clearfix","9":"article","11":"first","12":"instock","13":"shipping-taxable","14":"purchasable","15":"product-type-simple"},"acf":[],"_links":{"self":[{"href":"https:\/\/hornytoy.net\/es\/wp-json\/wp\/v2\/product\/843","targetHints":{"allow":["GET"]}}],"collection":[{"href":"https:\/\/hornytoy.net\/es\/wp-json\/wp\/v2\/product"}],"about":[{"href":"https:\/\/hornytoy.net\/es\/wp-json\/wp\/v2\/types\/product"}],"replies":[{"embeddable":true,"href":"https:\/\/hornytoy.net\/es\/wp-json\/wp\/v2\/comments?post=843"}],"wp:featuredmedia":[{"embeddable":true,"href":"https:\/\/hornytoy.net\/es\/wp-json\/wp\/v2\/media\/820"}],"wp:attachment":[{"href":"https:\/\/hornytoy.net\/es\/wp-json\/wp\/v2\/media?parent=843"}],"wp:term":[{"taxonomy":"product_brand","embeddable":true,"href":"https:\/\/hornytoy.net\/es\/wp-json\/wp\/v2\/product_brand?post=843"},{"taxonomy":"product_cat","embeddable":true,"href":"https:\/\/hornytoy.net\/es\/wp-json\/wp\/v2\/product_cat?post=843"},{"taxonomy":"product_tag","embeddable":true,"href":"https:\/\/hornytoy.net\/es\/wp-json\/wp\/v2\/product_tag?post=843"}],"curies":[{"name":"wp","href":"https:\/\/api.w.org\/{rel}","templated":true}]}}