{"id":845,"date":"2017-04-13T14:54:20","date_gmt":"2017-04-13T14:54:20","guid":{"rendered":"https:\/\/xml-io.proteusthemes.com\/medicpress\/?post_type=product&amp;p=845"},"modified":"2017-04-13T14:54:20","modified_gmt":"2017-04-13T14:54:20","slug":"aspirium-pills","status":"publish","type":"product","link":"https:\/\/hornytoy.net\/es\/producto\/aspirium-pills\/","title":{"rendered":"Pastillas de aspirium"},"content":{"rendered":"<p>Si los s\u00edntomas persisten durante mucho tiempo, este insomnio puede derivar en trastornos del sue\u00f1o graves. Veamos algunos de los efectos que el estr\u00e9s puede tener en el organismo.<\/p>","protected":false},"excerpt":{"rendered":"<p>Todos los alimentos crudos deben lavarse bien antes de consumirlos o cocinarlos. Si alguien ha contra\u00eddo la infecci\u00f3n, no debe cocinar ni servir alimentos a otras personas durante al menos tres o cuatro d\u00edas despu\u00e9s de que hayan desaparecido los s\u00edntomas. Por \u00faltimo, recuerde aislar a la persona enferma para prevenir la propagaci\u00f3n o una reca\u00edda.<\/p>","protected":false},"featured_media":823,"comment_status":"open","ping_status":"closed","template":"","meta":{"_acf_changed":false},"product_brand":[],"product_cat":[39],"product_tag":[38],"class_list":{"0":"post-845","1":"product","2":"type-product","3":"status-publish","4":"has-post-thumbnail","6":"product_cat-pills","7":"product_tag-perscription","8":"clearfix","9":"article","11":"first","12":"instock","13":"shipping-taxable","14":"purchasable","15":"product-type-simple"},"acf":[],"_links":{"self":[{"href":"https:\/\/hornytoy.net\/es\/wp-json\/wp\/v2\/product\/845","targetHints":{"allow":["GET"]}}],"collection":[{"href":"https:\/\/hornytoy.net\/es\/wp-json\/wp\/v2\/product"}],"about":[{"href":"https:\/\/hornytoy.net\/es\/wp-json\/wp\/v2\/types\/product"}],"replies":[{"embeddable":true,"href":"https:\/\/hornytoy.net\/es\/wp-json\/wp\/v2\/comments?post=845"}],"wp:featuredmedia":[{"embeddable":true,"href":"https:\/\/hornytoy.net\/es\/wp-json\/wp\/v2\/media\/823"}],"wp:attachment":[{"href":"https:\/\/hornytoy.net\/es\/wp-json\/wp\/v2\/media?parent=845"}],"wp:term":[{"taxonomy":"product_brand","embeddable":true,"href":"https:\/\/hornytoy.net\/es\/wp-json\/wp\/v2\/product_brand?post=845"},{"taxonomy":"product_cat","embeddable":true,"href":"https:\/\/hornytoy.net\/es\/wp-json\/wp\/v2\/product_cat?post=845"},{"taxonomy":"product_tag","embeddable":true,"href":"https:\/\/hornytoy.net\/es\/wp-json\/wp\/v2\/product_tag?post=845"}],"curies":[{"name":"wp","href":"https:\/\/api.w.org\/{rel}","templated":true}]}}