{"id":848,"date":"2017-04-13T14:59:14","date_gmt":"2017-04-13T14:59:14","guid":{"rendered":"https:\/\/xml-io.proteusthemes.com\/medicpress\/?post_type=product&amp;p=848"},"modified":"2017-04-13T14:59:14","modified_gmt":"2017-04-13T14:59:14","slug":"insulin","status":"publish","type":"product","link":"https:\/\/hornytoy.net\/es\/producto\/insulin\/","title":{"rendered":"Insulina"},"content":{"rendered":"<p>Aqu\u00ed se tratan casi todos los tipos de trastornos cardiovasculares, incluyendo cardiopat\u00eda coronaria, arritmia, miocardiopat\u00eda, insuficiencia card\u00edaca, valvulopat\u00eda, enfermedad vascular perif\u00e9rica y todo tipo de defectos.<\/p>","protected":false},"excerpt":{"rendered":"<p>Numerosos hospitales nos remiten sus casos cr\u00edticos debido a la infraestructura avanzada, la atenci\u00f3n m\u00e9dica y la experiencia que ofrecemos. Nos esforzamos por lograr un diagn\u00f3stico precoz y aplicar m\u00e9todos preventivos para atajar la enfermedad en su fase inicial e incluso reducir el riesgo de reca\u00edda.<\/p>","protected":false},"featured_media":824,"comment_status":"open","ping_status":"closed","template":"","meta":{"_acf_changed":false},"product_brand":[],"product_cat":[39],"product_tag":[38],"class_list":{"0":"post-848","1":"product","2":"type-product","3":"status-publish","4":"has-post-thumbnail","6":"product_cat-pills","7":"product_tag-perscription","8":"clearfix","9":"article","11":"first","12":"instock","13":"shipping-taxable","14":"purchasable","15":"product-type-simple"},"acf":[],"_links":{"self":[{"href":"https:\/\/hornytoy.net\/es\/wp-json\/wp\/v2\/product\/848","targetHints":{"allow":["GET"]}}],"collection":[{"href":"https:\/\/hornytoy.net\/es\/wp-json\/wp\/v2\/product"}],"about":[{"href":"https:\/\/hornytoy.net\/es\/wp-json\/wp\/v2\/types\/product"}],"replies":[{"embeddable":true,"href":"https:\/\/hornytoy.net\/es\/wp-json\/wp\/v2\/comments?post=848"}],"wp:featuredmedia":[{"embeddable":true,"href":"https:\/\/hornytoy.net\/es\/wp-json\/wp\/v2\/media\/824"}],"wp:attachment":[{"href":"https:\/\/hornytoy.net\/es\/wp-json\/wp\/v2\/media?parent=848"}],"wp:term":[{"taxonomy":"product_brand","embeddable":true,"href":"https:\/\/hornytoy.net\/es\/wp-json\/wp\/v2\/product_brand?post=848"},{"taxonomy":"product_cat","embeddable":true,"href":"https:\/\/hornytoy.net\/es\/wp-json\/wp\/v2\/product_cat?post=848"},{"taxonomy":"product_tag","embeddable":true,"href":"https:\/\/hornytoy.net\/es\/wp-json\/wp\/v2\/product_tag?post=848"}],"curies":[{"name":"wp","href":"https:\/\/api.w.org\/{rel}","templated":true}]}}