{"id":856,"date":"2017-04-13T15:05:56","date_gmt":"2017-04-13T15:05:56","guid":{"rendered":"https:\/\/xml-io.proteusthemes.com\/medicpress\/?post_type=product&amp;p=856"},"modified":"2017-04-13T15:05:56","modified_gmt":"2017-04-13T15:05:56","slug":"vitamin-c-pills","status":"publish","type":"product","link":"https:\/\/hornytoy.net\/es\/producto\/vitamin-c-pills\/","title":{"rendered":"Pastillas de vitamina C"},"content":{"rendered":"<p>Abierto las 24 horas, los 7 d\u00edas de la semana; invitamos a nuestros pacientes a reservar cita cuando les resulte m\u00e1s conveniente y a minimizar el tiempo de espera. Nos enorgullecemos de nuestro servicio r\u00e1pido y eficiente. Experimente nuestra atenci\u00f3n y estamos seguros de que nos convertiremos en su primera opci\u00f3n.<\/p>","protected":false},"excerpt":{"rendered":"<p>MedicPress is a state-of-the-art medical center which is striving towards its commitment to provide comprehensive health care services to the residents as well as any patient walking in at the most affordable cost.<\/p>","protected":false},"featured_media":829,"comment_status":"open","ping_status":"closed","template":"","meta":{"_acf_changed":false},"product_brand":[],"product_cat":[39],"product_tag":[37],"class_list":{"0":"post-856","1":"product","2":"type-product","3":"status-publish","4":"has-post-thumbnail","6":"product_cat-pills","7":"product_tag-no-prescription","8":"clearfix","9":"article","11":"first","12":"instock","13":"shipping-taxable","14":"purchasable","15":"product-type-simple"},"acf":[],"_links":{"self":[{"href":"https:\/\/hornytoy.net\/es\/wp-json\/wp\/v2\/product\/856","targetHints":{"allow":["GET"]}}],"collection":[{"href":"https:\/\/hornytoy.net\/es\/wp-json\/wp\/v2\/product"}],"about":[{"href":"https:\/\/hornytoy.net\/es\/wp-json\/wp\/v2\/types\/product"}],"replies":[{"embeddable":true,"href":"https:\/\/hornytoy.net\/es\/wp-json\/wp\/v2\/comments?post=856"}],"wp:featuredmedia":[{"embeddable":true,"href":"https:\/\/hornytoy.net\/es\/wp-json\/wp\/v2\/media\/829"}],"wp:attachment":[{"href":"https:\/\/hornytoy.net\/es\/wp-json\/wp\/v2\/media?parent=856"}],"wp:term":[{"taxonomy":"product_brand","embeddable":true,"href":"https:\/\/hornytoy.net\/es\/wp-json\/wp\/v2\/product_brand?post=856"},{"taxonomy":"product_cat","embeddable":true,"href":"https:\/\/hornytoy.net\/es\/wp-json\/wp\/v2\/product_cat?post=856"},{"taxonomy":"product_tag","embeddable":true,"href":"https:\/\/hornytoy.net\/es\/wp-json\/wp\/v2\/product_tag?post=856"}],"curies":[{"name":"wp","href":"https:\/\/api.w.org\/{rel}","templated":true}]}}