{"id":931,"date":"2017-02-16T09:29:24","date_gmt":"2017-02-16T09:29:24","guid":{"rendered":"https:\/\/xml-io.proteusthemes.com\/medicpress\/?page_id=9"},"modified":"2025-08-14T06:08:15","modified_gmt":"2025-08-14T06:08:15","slug":"home","status":"publish","type":"page","link":"https:\/\/hornytoy.net\/fr\/","title":{"rendered":"Maison"},"content":{"rendered":"<div id=\"pl-931\"  class=\"panel-layout\" ><div id=\"pg-931-0\"  class=\"panel-grid panel-has-style\" ><div class=\"flexbox-row siteorigin-panels-stretch panel-row-style panel-row-style-for-931-0\" data-stretch-type=\"full\" ><div id=\"pgc-931-0-0\"  class=\"panel-grid-cell\" ><div id=\"panel-931-0-0-0\" class=\"so-panel widget widget_sow-editor panel-first-child panel-last-child\" data-index=\"0\" ><div class=\"panel-widget-style panel-widget-style-for-931-0-0-0\" ><div\n\t\t\t\n\t\t\tclass=\"so-widget-sow-editor so-widget-sow-editor-base\"\n\t\t\t\n\t\t>\n<div class=\"siteorigin-widget-tinymce textwidget\">\n\t<h3><strong>Pourquoi nous choisir?<\/strong><\/h3>\n<p class=\"ds-markdown-paragraph\"> <strong>Assurance qualit\u00e9<\/strong>:Nous travaillons en partenariat avec des fabricants fiables pour fournir des produits de premier ordre.<br \/>\n <strong>Prix comp\u00e9titifs<\/strong>:Des tarifs abordables sans compromis sur la qualit\u00e9.<br \/>\n <strong>Port\u00e9e mondiale<\/strong>:Nous servons des clients et des entreprises sur les march\u00e9s internationaux.<br \/>\n <strong>Approche centr\u00e9e sur le client<\/strong>:Votre satisfaction est notre priorit\u00e9 : livraison rapide et excellent service garantis.<\/p>\n<\/div>\n<\/div><\/div><\/div><\/div><div id=\"pgc-931-0-1\"  class=\"panel-grid-cell\" ><div id=\"panel-931-0-1-0\" class=\"so-panel widget widget_pw_opening_time widget-opening-time panel-first-child panel-last-child\" data-index=\"1\" ><div class=\"panel-widget-style panel-widget-style-for-931-0-1-0\" >\t\t\t<div class=\"opening-time\">\n\t\t\t\t\t\t\t<div class=\"opening-time__item\">\n\t\t\t\t\t<div class=\"opening-time__day\">\n\t\t\t\t\t\tLundi - Vendredi\t\t\t\t\t<\/div>\n\t\t\t\t\t<div class=\"opening-time__time\">\n\t\t\t\t\t\t9:00 - 18:00\t\t\t\t\t<\/div>\n\t\t\t\t<\/div>\n\t\t\t\t\t\t\t<div class=\"opening-time__item\">\n\t\t\t\t\t<div class=\"opening-time__day\">\n\t\t\t\t\t\tSamedi\t\t\t\t\t<\/div>\n\t\t\t\t\t<div class=\"opening-time__time\">\n\t\t\t\t\t\t9:00 - 12:00\t\t\t\t\t<\/div>\n\t\t\t\t<\/div>\n\t\t\t\t\t\t\t<div class=\"opening-time__item\">\n\t\t\t\t\t<div class=\"opening-time__day\">\n\t\t\t\t\t\tDimanche\t\t\t\t\t<\/div>\n\t\t\t\t\t<div class=\"opening-time__time\">\n\t\t\t\t\t\tFerm\u00e9\t\t\t\t\t<\/div>\n\t\t\t\t<\/div>\n\t\t\t\t\t\t\t<div class=\"opening-time__item  opening-time__item--less-important\">\n\t\t\t\t\t<div class=\"opening-time__day\">\n\t\t\t\t\t\tPause d\u00e9jeuner\t\t\t\t\t<\/div>\n\t\t\t\t\t<div class=\"opening-time__time\">\n\t\t\t\t\t\t9:15 - 9:45\t\t\t\t\t<\/div>\n\t\t\t\t<\/div>\n\t\t\t\t\t\t<\/div>\n\t\t<\/div><\/div><\/div><div id=\"pgc-931-0-2\"  class=\"panel-grid-cell\" ><div id=\"panel-931-0-2-0\" class=\"so-panel widget widget_pw_icon_list widget-icon-list panel-first-child panel-last-child\" data-index=\"2\" ><div class=\"panel-widget-style panel-widget-style-for-931-0-2-0\" >\t\t\t<div class=\"icon-list\">\n\t\t\t\t\n\t\t\t\t\t<a href=\"tel:+852%209493%208026\" class=\"icon-list__item  icon-list__item--featured\">\n\t\t\t\t\t\t<i class=\"fa  fa-phone\" aria-hidden=\"true\"><\/i>\n\t\t\t\t\t\t\t\t\t\t\t\t<div class=\"icon-list__content\">\n\t\t\t\t\t\t\t<div class=\"icon-list__description\">\n\t\t\t\t\t\t\t\tT\u00e9l\u00e9phone de l&#039;entreprise \t\t\t\t\t\t\t<\/div>\n\t\t\t\t\t\t\t\t\t\t\t\t\t<div class=\"icon-list__text\">\n\t\t\t\t\t\t\t\t+852 9493 8026\t\t\t\t\t\t\t<\/div>\n\t\t\t\t\t\t\t\t\t\t\t\t<\/div>\n\t\t\t\t\t\t\t\t\t\t\t<\/a>\n\t\t\t\t\n\t\t\t\t\t<div class=\"icon-list__item  icon-list__item--featured\">\n\t\t\t\t\t\t<i class=\"fa  fa-envelope-o\" aria-hidden=\"true\"><\/i>\n\t\t\t\t\t\t\t\t\t\t\t\t<div class=\"icon-list__content\">\n\t\t\t\t\t\t\t<div class=\"icon-list__description\">\n\t\t\t\t\t\t\t\tAdresse email\t\t\t\t\t\t\t<\/div>\n\t\t\t\t\t\t\t\t\t\t\t\t\t<div class=\"icon-list__text\">\n\t\t\t\t\t\t\t\thornytoy.net@gmail.com\t\t\t\t\t\t\t<\/div>\n\t\t\t\t\t\t\t\t\t\t\t\t<\/div>\n\t\t\t\t\t\t\t\t\t\t\t<\/div>\n\t\t\t\t\t\t\t<\/div>\n\n\t\t<\/div><\/div><\/div><\/div><\/div><div id=\"pg-931-1\"  class=\"panel-grid panel-no-style\" ><div id=\"pgc-931-1-0\"  class=\"panel-grid-cell\" ><div id=\"panel-931-1-0-0\" class=\"so-panel widget widget_sow-editor panel-first-child panel-last-child\" data-index=\"3\" ><div\n\t\t\t\n\t\t\tclass=\"so-widget-sow-editor so-widget-sow-editor-base\"\n\t\t\t\n\t\t>\n<div class=\"siteorigin-widget-tinymce textwidget\">\n\t<h2 style=\"text-align: center\">Derni\u00e8res nouvelles<\/h2>\n<\/div>\n<\/div><\/div><\/div><\/div><div id=\"pg-931-2\"  class=\"panel-grid panel-no-style\" ><div id=\"pgc-931-2-0\"  class=\"panel-grid-cell\" ><div id=\"panel-931-2-0-0\" class=\"so-panel widget widget_pw_latest_news widget-latest-news panel-first-child panel-last-child\" data-index=\"4\" >\n\t\t\t\t\t\t<div class=\"latest-news  latest-news--block\">\n\t\t\t\t\n\t\t\t\t<div class=\"latest-news__content\">\n\t\t\t\t\t<div class=\"latest-news__category-container\">\n\t\t\t\t\t\t<a href=\"https:\/\/hornytoy.net\/fr\/category\/health\/\" rel=\"category tag\">Sant\u00e9<\/a>\t\t\t\t\t<\/div>\n\t\t\t\t\t<h2 class=\"latest-news__title\"><a href=\"https:\/\/hornytoy.net\/fr\/patients-with-more-fall-risk-factors\/\">Patients pr\u00e9sentant davantage de facteurs de risque de chute<\/a><\/h2>\n\t\t\t\t\t<p class=\"latest-news__excerpt\">\n\t\t\t\t\t\tTous les aliments crus doivent \u00eatre soigneusement lav\u00e9s avant d&#039;\u00eatre consomm\u00e9s ou cuits. Si une personne a contract\u00e9 l&#039;infection, elle ne doit pas\u2026\t\t\t\t\t<\/p>\n\t\t\t\t\t\t\t\t\t\t\t<div class=\"latest-news__tags-container\">\n\t\t\t\t\t\t\t\t\t\t\t\t\t\t\t<a class=\"latest-news__tag\" href=\"https:\/\/hornytoy.net\/fr\/tag\/elders\/\">Les a\u00een\u00e9s<\/a>\n\t\t\t\t\t\t\t\t\t\t\t\t\t\t\t<a class=\"latest-news__tag\" href=\"https:\/\/hornytoy.net\/fr\/tag\/tips\/\">Conseils<\/a>\n\t\t\t\t\t\t\t\t\t\t\t\t\t<\/div>\n\t\t\t\t\t\t\t\t\t\t\t\t\t\t<\/div>\n\t\t\t<\/div>\n\t\t\t\n<\/div><\/div><div id=\"pgc-931-2-1\"  class=\"panel-grid-cell\" ><div id=\"panel-931-2-1-0\" class=\"so-panel widget widget_pw_latest_news widget-latest-news panel-first-child panel-last-child\" data-index=\"5\" >\n\t\t\t\t\t\t<div class=\"latest-news  latest-news--block\">\n\t\t\t\t\n\t\t\t\t<div class=\"latest-news__content\">\n\t\t\t\t\t<div class=\"latest-news__category-container\">\n\t\t\t\t\t\t<a href=\"https:\/\/hornytoy.net\/fr\/category\/beauty\/\" rel=\"category tag\">Beaut\u00e9<\/a>, <a href=\"https:\/\/hornytoy.net\/fr\/category\/mental-health\/\" rel=\"category tag\">Sant\u00e9 mentale<\/a>\t\t\t\t\t<\/div>\n\t\t\t\t\t<h2 class=\"latest-news__title\"><a href=\"https:\/\/hornytoy.net\/fr\/new-therapy-helps-you-lose-weight\/\">Une nouvelle th\u00e9rapie vous aide \u00e0 perdre du poids<\/a><\/h2>\n\t\t\t\t\t<p class=\"latest-news__excerpt\">\n\t\t\t\t\t\tLa surproduction de l\u2019hormone cortisol augmente vos envies de sucre et de graisse et vous conduit \u00e0 consommer une plus grande portion de nourriture.\u2026\t\t\t\t\t<\/p>\n\t\t\t\t\t\t\t\t\t\t\t<div class=\"latest-news__tags-container\">\n\t\t\t\t\t\t\t\t\t\t\t\t\t\t\t<a class=\"latest-news__tag\" href=\"https:\/\/hornytoy.net\/fr\/tag\/diet\/\">R\u00e9gime<\/a>\n\t\t\t\t\t\t\t\t\t\t\t\t\t<\/div>\n\t\t\t\t\t\t\t\t\t\t\t\t\t\t<\/div>\n\t\t\t<\/div>\n\t\t\t\n<\/div><\/div><div id=\"pgc-931-2-2\"  class=\"panel-grid-cell\" ><div id=\"panel-931-2-2-0\" class=\"so-panel widget widget_pw_latest_news widget-latest-news panel-first-child panel-last-child\" data-index=\"6\" >\n\t\t\t<div class=\"latest-news__container\">\n\t\t\t\t\t\t\t<a href=\"https:\/\/hornytoy.net\/fr\/mental-recover-after-car-accident\/\" class=\"latest-news  latest-news--inline\">\n\t\t\t\t\t<div class=\"latest-news__content\">\n\t\t\t\t\t\t<time class=\"latest-news__date\" datetime=\"2017-02-16T11:02:47+00:00\">\n\t\t\t\t\t\t\t16 f\u00e9vrier 2017\t\t\t\t\t\t<\/time>\n\t\t\t\t\t\t<h2 class=\"latest-news__title\">R\u00e9cup\u00e9ration mentale apr\u00e8s un accident de voiture<\/h2>\n\t\t\t\t\t<\/div>\n\t\t\t\t<\/a>\n\t\t\t\t\t\t\t<a href=\"https:\/\/hornytoy.net\/fr\/new-therapy-helps-you-lose-weight\/\" class=\"latest-news  latest-news--inline\">\n\t\t\t\t\t<div class=\"latest-news__content\">\n\t\t\t\t\t\t<time class=\"latest-news__date\" datetime=\"2017-02-16T11:01:23+00:00\">\n\t\t\t\t\t\t\t16 f\u00e9vrier 2017\t\t\t\t\t\t<\/time>\n\t\t\t\t\t\t<h2 class=\"latest-news__title\">Une nouvelle th\u00e9rapie vous aide \u00e0 perdre du poids<\/h2>\n\t\t\t\t\t<\/div>\n\t\t\t\t<\/a>\n\t\t\t\t\t\t\t<a href=\"https:\/\/hornytoy.net\/fr\/facts-about-cat-scan\/\" class=\"latest-news  latest-news--inline\">\n\t\t\t\t\t<div class=\"latest-news__content\">\n\t\t\t\t\t\t<time class=\"latest-news__date\" datetime=\"2017-02-16T11:00:19+00:00\">\n\t\t\t\t\t\t\t16 f\u00e9vrier 2017\t\t\t\t\t\t<\/time>\n\t\t\t\t\t\t<h2 class=\"latest-news__title\">Informations sur le scanner<\/h2>\n\t\t\t\t\t<\/div>\n\t\t\t\t<\/a>\n\t\t\t\n\t\t\t\t\t<\/div>\n\t\n<\/div><\/div><\/div><\/div>","protected":false},"excerpt":{"rendered":"<p>Why Choose Us? Quality Assurance: We partner with reliable manufacturers to deliver top-notch products. Competitive Pricing: Affordable rates without compromising on quality. Global Reach: We serve customers and businesses across international markets. Customer-Centric Approach: Your satisfaction is our priority\u2014timely delivery and excellent service guaranteed. Latest News<\/p>","protected":false},"author":1,"featured_media":0,"parent":0,"menu_order":0,"comment_status":"closed","ping_status":"closed","template":"template-front-page-slider.php","meta":{"_acf_changed":false,"footnotes":""},"class_list":{"0":"post-931","1":"page","2":"type-page","3":"status-publish","5":"clearfix","6":"article"},"acf":[],"_links":{"self":[{"href":"https:\/\/hornytoy.net\/fr\/wp-json\/wp\/v2\/pages\/931","targetHints":{"allow":["GET"]}}],"collection":[{"href":"https:\/\/hornytoy.net\/fr\/wp-json\/wp\/v2\/pages"}],"about":[{"href":"https:\/\/hornytoy.net\/fr\/wp-json\/wp\/v2\/types\/page"}],"author":[{"embeddable":true,"href":"https:\/\/hornytoy.net\/fr\/wp-json\/wp\/v2\/users\/1"}],"replies":[{"embeddable":true,"href":"https:\/\/hornytoy.net\/fr\/wp-json\/wp\/v2\/comments?post=931"}],"version-history":[{"count":8,"href":"https:\/\/hornytoy.net\/fr\/wp-json\/wp\/v2\/pages\/931\/revisions"}],"predecessor-version":[{"id":1096,"href":"https:\/\/hornytoy.net\/fr\/wp-json\/wp\/v2\/pages\/931\/revisions\/1096"}],"wp:attachment":[{"href":"https:\/\/hornytoy.net\/fr\/wp-json\/wp\/v2\/media?parent=931"}],"curies":[{"name":"wp","href":"https:\/\/api.w.org\/{rel}","templated":true}]}}