{"id":843,"date":"2017-04-13T14:50:43","date_gmt":"2017-04-13T14:50:43","guid":{"rendered":"https:\/\/xml-io.proteusthemes.com\/medicpress\/?post_type=product&amp;p=843"},"modified":"2017-04-13T14:50:43","modified_gmt":"2017-04-13T14:50:43","slug":"hand-cream","status":"publish","type":"product","link":"https:\/\/hornytoy.net\/fr\/produit\/hand-cream\/","title":{"rendered":"Cr\u00e8me pour les mains"},"content":{"rendered":"<p>Tous les aliments crus doivent \u00eatre soigneusement lav\u00e9s avant d&#039;\u00eatre consomm\u00e9s ou cuits. Si une personne a contract\u00e9 l&#039;infection, elle ne doit ni cuisiner ni servir de nourriture \u00e0 autrui pendant au moins trois \u00e0 quatre jours apr\u00e8s la disparition des sympt\u00f4mes. Enfin, il est important de mettre la personne malade en quarantaine afin d&#039;\u00e9viter toute propagation ou r\u00e9cidive.<\/p>","protected":false},"excerpt":{"rendered":"<p>Bien que la gastro-ent\u00e9rite aigu\u00eb soit g\u00e9n\u00e9ralement b\u00e9nigne et se r\u00e9sorbe spontan\u00e9ment en quelques jours, elle peut vous clouer au lit pendant plusieurs jours et vous laisser extr\u00eamement fatigu\u00e9 et faible. Lorsque les intestins sont attaqu\u00e9s par la grippe, on observe souvent des sympt\u00f4mes tels que naus\u00e9es, vomissements, diarrh\u00e9e et m\u00eame une l\u00e9g\u00e8re fi\u00e8vre.<\/p>","protected":false},"featured_media":820,"comment_status":"open","ping_status":"closed","template":"","meta":{"_acf_changed":false},"product_brand":[],"product_cat":[34],"product_tag":[35],"class_list":{"0":"post-843","1":"product","2":"type-product","3":"status-publish","4":"has-post-thumbnail","6":"product_cat-toys","7":"product_tag-medicine","8":"clearfix","9":"article","11":"first","12":"instock","13":"shipping-taxable","14":"purchasable","15":"product-type-simple"},"acf":[],"_links":{"self":[{"href":"https:\/\/hornytoy.net\/fr\/wp-json\/wp\/v2\/product\/843","targetHints":{"allow":["GET"]}}],"collection":[{"href":"https:\/\/hornytoy.net\/fr\/wp-json\/wp\/v2\/product"}],"about":[{"href":"https:\/\/hornytoy.net\/fr\/wp-json\/wp\/v2\/types\/product"}],"replies":[{"embeddable":true,"href":"https:\/\/hornytoy.net\/fr\/wp-json\/wp\/v2\/comments?post=843"}],"wp:featuredmedia":[{"embeddable":true,"href":"https:\/\/hornytoy.net\/fr\/wp-json\/wp\/v2\/media\/820"}],"wp:attachment":[{"href":"https:\/\/hornytoy.net\/fr\/wp-json\/wp\/v2\/media?parent=843"}],"wp:term":[{"taxonomy":"product_brand","embeddable":true,"href":"https:\/\/hornytoy.net\/fr\/wp-json\/wp\/v2\/product_brand?post=843"},{"taxonomy":"product_cat","embeddable":true,"href":"https:\/\/hornytoy.net\/fr\/wp-json\/wp\/v2\/product_cat?post=843"},{"taxonomy":"product_tag","embeddable":true,"href":"https:\/\/hornytoy.net\/fr\/wp-json\/wp\/v2\/product_tag?post=843"}],"curies":[{"name":"wp","href":"https:\/\/api.w.org\/{rel}","templated":true}]}}