{"id":844,"date":"2017-04-13T14:52:50","date_gmt":"2017-04-13T14:52:50","guid":{"rendered":"https:\/\/xml-io.proteusthemes.com\/medicpress\/?post_type=product&amp;p=844"},"modified":"2017-04-13T14:52:50","modified_gmt":"2017-04-13T14:52:50","slug":"flu-syrup","status":"publish","type":"product","link":"https:\/\/hornytoy.net\/fr\/produit\/flu-syrup\/","title":{"rendered":"Sirop contre la grippe"},"content":{"rendered":"<p>Le respect des r\u00e8gles d&#039;hygi\u00e8ne des mains est la premi\u00e8re mesure \u00e0 mettre en \u0153uvre avec rigueur. Il est imp\u00e9ratif de se frotter les mains pendant au moins 15 secondes. L&#039;utilisation fr\u00e9quente d&#039;un gel hydroalcoolique contenant au minimum 60 % d&#039;alcool est recommand\u00e9e.<\/p>","protected":false},"excerpt":{"rendered":"<p>Toutes les surfaces expos\u00e9es de la maison doivent \u00eatre nettoy\u00e9es avec un produit d\u00e9sinfectant \u00e0 base d&#039;eau de Javel afin d&#039;\u00e9liminer tous les germes. Il est recommand\u00e9 de porter des gants en caoutchouc pendant le nettoyage. Les chiffons utilis\u00e9s doivent ensuite \u00eatre jet\u00e9s ou d\u00e9sinfect\u00e9s \u00e0 l&#039;eau chaude et \u00e0 l&#039;eau de Javel avant d&#039;\u00eatre r\u00e9utilis\u00e9s.<\/p>","protected":false},"featured_media":821,"comment_status":"open","ping_status":"closed","template":"","meta":{"_acf_changed":false},"product_brand":[],"product_cat":[],"product_tag":[41],"class_list":{"0":"post-844","1":"product","2":"type-product","3":"status-publish","4":"has-post-thumbnail","6":"product_tag-syrup","7":"clearfix","8":"article","10":"first","11":"instock","12":"shipping-taxable","13":"purchasable","14":"product-type-simple"},"acf":[],"_links":{"self":[{"href":"https:\/\/hornytoy.net\/fr\/wp-json\/wp\/v2\/product\/844","targetHints":{"allow":["GET"]}}],"collection":[{"href":"https:\/\/hornytoy.net\/fr\/wp-json\/wp\/v2\/product"}],"about":[{"href":"https:\/\/hornytoy.net\/fr\/wp-json\/wp\/v2\/types\/product"}],"replies":[{"embeddable":true,"href":"https:\/\/hornytoy.net\/fr\/wp-json\/wp\/v2\/comments?post=844"}],"wp:featuredmedia":[{"embeddable":true,"href":"https:\/\/hornytoy.net\/fr\/wp-json\/wp\/v2\/media\/821"}],"wp:attachment":[{"href":"https:\/\/hornytoy.net\/fr\/wp-json\/wp\/v2\/media?parent=844"}],"wp:term":[{"taxonomy":"product_brand","embeddable":true,"href":"https:\/\/hornytoy.net\/fr\/wp-json\/wp\/v2\/product_brand?post=844"},{"taxonomy":"product_cat","embeddable":true,"href":"https:\/\/hornytoy.net\/fr\/wp-json\/wp\/v2\/product_cat?post=844"},{"taxonomy":"product_tag","embeddable":true,"href":"https:\/\/hornytoy.net\/fr\/wp-json\/wp\/v2\/product_tag?post=844"}],"curies":[{"name":"wp","href":"https:\/\/api.w.org\/{rel}","templated":true}]}}