{"id":845,"date":"2017-04-13T14:54:20","date_gmt":"2017-04-13T14:54:20","guid":{"rendered":"https:\/\/xml-io.proteusthemes.com\/medicpress\/?post_type=product&amp;p=845"},"modified":"2017-04-13T14:54:20","modified_gmt":"2017-04-13T14:54:20","slug":"aspirium-pills","status":"publish","type":"product","link":"https:\/\/hornytoy.net\/fr\/produit\/aspirium-pills\/","title":{"rendered":"comprim\u00e9s d&#039;aspirine"},"content":{"rendered":"<p>Si les sympt\u00f4mes persistent, cette insomnie peut entra\u00eener de graves troubles du sommeil. Voyons maintenant quelques effets du stress sur l&#039;organisme.<\/p>","protected":false},"excerpt":{"rendered":"<p>Tous les aliments crus doivent \u00eatre soigneusement lav\u00e9s avant d&#039;\u00eatre consomm\u00e9s ou cuits. Si une personne a contract\u00e9 l&#039;infection, elle ne doit ni cuisiner ni servir de nourriture \u00e0 autrui pendant au moins trois \u00e0 quatre jours apr\u00e8s la disparition des sympt\u00f4mes. Enfin, il est important de mettre la personne malade en quarantaine afin d&#039;\u00e9viter toute propagation ou r\u00e9cidive.<\/p>","protected":false},"featured_media":823,"comment_status":"open","ping_status":"closed","template":"","meta":{"_acf_changed":false},"product_brand":[],"product_cat":[39],"product_tag":[38],"class_list":{"0":"post-845","1":"product","2":"type-product","3":"status-publish","4":"has-post-thumbnail","6":"product_cat-pills","7":"product_tag-perscription","8":"clearfix","9":"article","11":"first","12":"instock","13":"shipping-taxable","14":"purchasable","15":"product-type-simple"},"acf":[],"_links":{"self":[{"href":"https:\/\/hornytoy.net\/fr\/wp-json\/wp\/v2\/product\/845","targetHints":{"allow":["GET"]}}],"collection":[{"href":"https:\/\/hornytoy.net\/fr\/wp-json\/wp\/v2\/product"}],"about":[{"href":"https:\/\/hornytoy.net\/fr\/wp-json\/wp\/v2\/types\/product"}],"replies":[{"embeddable":true,"href":"https:\/\/hornytoy.net\/fr\/wp-json\/wp\/v2\/comments?post=845"}],"wp:featuredmedia":[{"embeddable":true,"href":"https:\/\/hornytoy.net\/fr\/wp-json\/wp\/v2\/media\/823"}],"wp:attachment":[{"href":"https:\/\/hornytoy.net\/fr\/wp-json\/wp\/v2\/media?parent=845"}],"wp:term":[{"taxonomy":"product_brand","embeddable":true,"href":"https:\/\/hornytoy.net\/fr\/wp-json\/wp\/v2\/product_brand?post=845"},{"taxonomy":"product_cat","embeddable":true,"href":"https:\/\/hornytoy.net\/fr\/wp-json\/wp\/v2\/product_cat?post=845"},{"taxonomy":"product_tag","embeddable":true,"href":"https:\/\/hornytoy.net\/fr\/wp-json\/wp\/v2\/product_tag?post=845"}],"curies":[{"name":"wp","href":"https:\/\/api.w.org\/{rel}","templated":true}]}}