{"id":846,"date":"2017-04-13T14:56:19","date_gmt":"2017-04-13T14:56:19","guid":{"rendered":"https:\/\/xml-io.proteusthemes.com\/medicpress\/?post_type=product&amp;p=846"},"modified":"2017-04-13T14:56:19","modified_gmt":"2017-04-13T14:56:19","slug":"anti-head-louse-shampoo","status":"publish","type":"product","link":"https:\/\/hornytoy.net\/fr\/produit\/anti-head-louse-shampoo\/","title":{"rendered":"Shampoing pour cheveux"},"content":{"rendered":"<p>Notre syst\u00e8me nerveux est responsable de la r\u00e9action de \u00ab fuite ou de combat \u00bb qui se d\u00e9clenche naturellement en r\u00e9ponse au stress.<\/p>","protected":false},"excerpt":{"rendered":"<p>Cela augmente le taux d&#039;hormones de stress comme le cortisol. Ses effets directs se manifestent par une hausse de la glyc\u00e9mie, de la tension art\u00e9rielle, une acc\u00e9l\u00e9ration de la respiration, etc. Si cet \u00e9tat persiste, il peut causer des dommages importants \u00e0 l&#039;organisme.<\/p>","protected":false},"featured_media":822,"comment_status":"open","ping_status":"closed","template":"","meta":{"_acf_changed":false},"product_brand":[],"product_cat":[34],"product_tag":[37],"class_list":{"0":"post-846","1":"product","2":"type-product","3":"status-publish","4":"has-post-thumbnail","6":"product_cat-toys","7":"product_tag-no-prescription","8":"clearfix","9":"article","11":"first","12":"instock","13":"shipping-taxable","14":"purchasable","15":"product-type-simple"},"acf":[],"_links":{"self":[{"href":"https:\/\/hornytoy.net\/fr\/wp-json\/wp\/v2\/product\/846","targetHints":{"allow":["GET"]}}],"collection":[{"href":"https:\/\/hornytoy.net\/fr\/wp-json\/wp\/v2\/product"}],"about":[{"href":"https:\/\/hornytoy.net\/fr\/wp-json\/wp\/v2\/types\/product"}],"replies":[{"embeddable":true,"href":"https:\/\/hornytoy.net\/fr\/wp-json\/wp\/v2\/comments?post=846"}],"wp:featuredmedia":[{"embeddable":true,"href":"https:\/\/hornytoy.net\/fr\/wp-json\/wp\/v2\/media\/822"}],"wp:attachment":[{"href":"https:\/\/hornytoy.net\/fr\/wp-json\/wp\/v2\/media?parent=846"}],"wp:term":[{"taxonomy":"product_brand","embeddable":true,"href":"https:\/\/hornytoy.net\/fr\/wp-json\/wp\/v2\/product_brand?post=846"},{"taxonomy":"product_cat","embeddable":true,"href":"https:\/\/hornytoy.net\/fr\/wp-json\/wp\/v2\/product_cat?post=846"},{"taxonomy":"product_tag","embeddable":true,"href":"https:\/\/hornytoy.net\/fr\/wp-json\/wp\/v2\/product_tag?post=846"}],"curies":[{"name":"wp","href":"https:\/\/api.w.org\/{rel}","templated":true}]}}