{"id":847,"date":"2017-04-13T14:58:23","date_gmt":"2017-04-13T14:58:23","guid":{"rendered":"https:\/\/xml-io.proteusthemes.com\/medicpress\/?post_type=product&amp;p=847"},"modified":"2017-04-13T14:58:23","modified_gmt":"2017-04-13T14:58:23","slug":"nose-spray","status":"publish","type":"product","link":"https:\/\/hornytoy.net\/fr\/produit\/nose-spray\/","title":{"rendered":"Spray nasal"},"content":{"rendered":"<p>Bien qu&#039;aucune preuve formelle n&#039;ait encore \u00e9t\u00e9 \u00e9tablie, des \u00e9tudes indiquent que les personnes vivant dans un contexte de stress sont plus sujettes aux crises cardiaques que celles qui prennent des mesures pour r\u00e9duire le stress dans leur vie.<\/p>","protected":false},"excerpt":{"rendered":"<p>Ce ph\u00e9nom\u00e8ne est appel\u00e9 \u00ab alimentation \u00e9motionnelle \u00bb. Il affecte \u00e9galement le m\u00e9tabolisme et la digestion des aliments. Par cons\u00e9quent, on observe une prise de poids importante, ce qui ouvre la voie \u00e0 diverses autres maladies.<\/p>","protected":false},"featured_media":825,"comment_status":"open","ping_status":"closed","template":"","meta":{"_acf_changed":false},"product_brand":[],"product_cat":[],"product_tag":[38],"class_list":{"0":"post-847","1":"product","2":"type-product","3":"status-publish","4":"has-post-thumbnail","6":"product_tag-perscription","7":"clearfix","8":"article","10":"first","11":"instock","12":"shipping-taxable","13":"purchasable","14":"product-type-simple"},"acf":[],"_links":{"self":[{"href":"https:\/\/hornytoy.net\/fr\/wp-json\/wp\/v2\/product\/847","targetHints":{"allow":["GET"]}}],"collection":[{"href":"https:\/\/hornytoy.net\/fr\/wp-json\/wp\/v2\/product"}],"about":[{"href":"https:\/\/hornytoy.net\/fr\/wp-json\/wp\/v2\/types\/product"}],"replies":[{"embeddable":true,"href":"https:\/\/hornytoy.net\/fr\/wp-json\/wp\/v2\/comments?post=847"}],"wp:featuredmedia":[{"embeddable":true,"href":"https:\/\/hornytoy.net\/fr\/wp-json\/wp\/v2\/media\/825"}],"wp:attachment":[{"href":"https:\/\/hornytoy.net\/fr\/wp-json\/wp\/v2\/media?parent=847"}],"wp:term":[{"taxonomy":"product_brand","embeddable":true,"href":"https:\/\/hornytoy.net\/fr\/wp-json\/wp\/v2\/product_brand?post=847"},{"taxonomy":"product_cat","embeddable":true,"href":"https:\/\/hornytoy.net\/fr\/wp-json\/wp\/v2\/product_cat?post=847"},{"taxonomy":"product_tag","embeddable":true,"href":"https:\/\/hornytoy.net\/fr\/wp-json\/wp\/v2\/product_tag?post=847"}],"curies":[{"name":"wp","href":"https:\/\/api.w.org\/{rel}","templated":true}]}}