{"id":848,"date":"2017-04-13T14:59:14","date_gmt":"2017-04-13T14:59:14","guid":{"rendered":"https:\/\/xml-io.proteusthemes.com\/medicpress\/?post_type=product&amp;p=848"},"modified":"2017-04-13T14:59:14","modified_gmt":"2017-04-13T14:59:14","slug":"insulin","status":"publish","type":"product","link":"https:\/\/hornytoy.net\/fr\/produit\/insulin\/","title":{"rendered":"Insuline"},"content":{"rendered":"<p>Ici, presque tous les types de troubles cardiovasculaires sont trait\u00e9s, notamment les maladies coronariennes, les arythmies, les maladies du muscle cardiaque, l&#039;insuffisance cardiaque, les valvulopathies, les maladies vasculaires p\u00e9riph\u00e9riques et tous types de malformations.<\/p>","protected":false},"excerpt":{"rendered":"<p>De nombreux h\u00f4pitaux nous confient leurs cas les plus critiques en raison de l&#039;infrastructure de pointe, des soins m\u00e9dicaux de qualit\u00e9 et de l&#039;expertise dont dispose notre \u00e9tablissement. Nous privil\u00e9gions le diagnostic pr\u00e9coce et les m\u00e9thodes pr\u00e9ventives afin d&#039;enrayer la maladie d\u00e8s son apparition et de r\u00e9duire au maximum le risque de r\u00e9cidive.<\/p>","protected":false},"featured_media":824,"comment_status":"open","ping_status":"closed","template":"","meta":{"_acf_changed":false},"product_brand":[],"product_cat":[39],"product_tag":[38],"class_list":{"0":"post-848","1":"product","2":"type-product","3":"status-publish","4":"has-post-thumbnail","6":"product_cat-pills","7":"product_tag-perscription","8":"clearfix","9":"article","11":"first","12":"instock","13":"shipping-taxable","14":"purchasable","15":"product-type-simple"},"acf":[],"_links":{"self":[{"href":"https:\/\/hornytoy.net\/fr\/wp-json\/wp\/v2\/product\/848","targetHints":{"allow":["GET"]}}],"collection":[{"href":"https:\/\/hornytoy.net\/fr\/wp-json\/wp\/v2\/product"}],"about":[{"href":"https:\/\/hornytoy.net\/fr\/wp-json\/wp\/v2\/types\/product"}],"replies":[{"embeddable":true,"href":"https:\/\/hornytoy.net\/fr\/wp-json\/wp\/v2\/comments?post=848"}],"wp:featuredmedia":[{"embeddable":true,"href":"https:\/\/hornytoy.net\/fr\/wp-json\/wp\/v2\/media\/824"}],"wp:attachment":[{"href":"https:\/\/hornytoy.net\/fr\/wp-json\/wp\/v2\/media?parent=848"}],"wp:term":[{"taxonomy":"product_brand","embeddable":true,"href":"https:\/\/hornytoy.net\/fr\/wp-json\/wp\/v2\/product_brand?post=848"},{"taxonomy":"product_cat","embeddable":true,"href":"https:\/\/hornytoy.net\/fr\/wp-json\/wp\/v2\/product_cat?post=848"},{"taxonomy":"product_tag","embeddable":true,"href":"https:\/\/hornytoy.net\/fr\/wp-json\/wp\/v2\/product_tag?post=848"}],"curies":[{"name":"wp","href":"https:\/\/api.w.org\/{rel}","templated":true}]}}