{"id":849,"date":"2017-04-13T15:00:14","date_gmt":"2017-04-13T15:00:14","guid":{"rendered":"https:\/\/xml-io.proteusthemes.com\/medicpress\/?post_type=product&amp;p=849"},"modified":"2017-04-13T15:00:14","modified_gmt":"2017-04-13T15:00:14","slug":"eye-drops","status":"publish","type":"product","link":"https:\/\/hornytoy.net\/fr\/produit\/eye-drops\/","title":{"rendered":"Gouttes pour les yeux"},"content":{"rendered":"<p>Nous proposons un service unifi\u00e9\u00a0: nous invitons d\u2019abord tous nos patients \u00e0 une consultation externe g\u00e9n\u00e9rale, puis nous leur orientons vers un traitement sp\u00e9cialis\u00e9 si n\u00e9cessaire. Notre objectif est de garantir les meilleurs soins cardiaques au co\u00fbt le plus bas.<\/p>","protected":false},"excerpt":{"rendered":"<p>Avec des services d&#039;hospitalisation et de consultation externe, nous offrons une combinaison unique de soins personnalis\u00e9s et transparents, un diagnostic pr\u00e9cis et un traitement expert sous la supervision d&#039;une \u00e9quipe de professionnels de haut niveau. Notre service des urgences est ouvert 24h\/24 et 7j\/7 pour prendre en charge toute situation urgente. <\/p>","protected":false},"featured_media":826,"comment_status":"open","ping_status":"closed","template":"","meta":{"_acf_changed":false},"product_brand":[],"product_cat":[],"product_tag":[37],"class_list":{"0":"post-849","1":"product","2":"type-product","3":"status-publish","4":"has-post-thumbnail","6":"product_tag-no-prescription","7":"clearfix","8":"article","10":"first","11":"instock","12":"shipping-taxable","13":"purchasable","14":"product-type-simple"},"acf":[],"_links":{"self":[{"href":"https:\/\/hornytoy.net\/fr\/wp-json\/wp\/v2\/product\/849","targetHints":{"allow":["GET"]}}],"collection":[{"href":"https:\/\/hornytoy.net\/fr\/wp-json\/wp\/v2\/product"}],"about":[{"href":"https:\/\/hornytoy.net\/fr\/wp-json\/wp\/v2\/types\/product"}],"replies":[{"embeddable":true,"href":"https:\/\/hornytoy.net\/fr\/wp-json\/wp\/v2\/comments?post=849"}],"wp:featuredmedia":[{"embeddable":true,"href":"https:\/\/hornytoy.net\/fr\/wp-json\/wp\/v2\/media\/826"}],"wp:attachment":[{"href":"https:\/\/hornytoy.net\/fr\/wp-json\/wp\/v2\/media?parent=849"}],"wp:term":[{"taxonomy":"product_brand","embeddable":true,"href":"https:\/\/hornytoy.net\/fr\/wp-json\/wp\/v2\/product_brand?post=849"},{"taxonomy":"product_cat","embeddable":true,"href":"https:\/\/hornytoy.net\/fr\/wp-json\/wp\/v2\/product_cat?post=849"},{"taxonomy":"product_tag","embeddable":true,"href":"https:\/\/hornytoy.net\/fr\/wp-json\/wp\/v2\/product_tag?post=849"}],"curies":[{"name":"wp","href":"https:\/\/api.w.org\/{rel}","templated":true}]}}