{"id":854,"date":"2017-04-13T15:03:40","date_gmt":"2017-04-13T15:03:40","guid":{"rendered":"https:\/\/xml-io.proteusthemes.com\/medicpress\/?post_type=product&amp;p=854"},"modified":"2017-04-13T15:03:40","modified_gmt":"2017-04-13T15:03:40","slug":"warts-remover","status":"publish","type":"product","link":"https:\/\/hornytoy.net\/fr\/produit\/warts-remover\/","title":{"rendered":"Enl\u00e8ve-verrues"},"content":{"rendered":"<p>Situ\u00e9 en plein c\u0153ur de la ville, MedicPress est un centre m\u00e9dical ultramoderne qui s&#039;efforce de respecter son engagement \u00e0 fournir des services de sant\u00e9 complets aux r\u00e9sidents ainsi qu&#039;\u00e0 tout patient se pr\u00e9sentant sans rendez-vous, au co\u00fbt le plus abordable.<\/p>","protected":false},"excerpt":{"rendered":"<p>Nous proposons un service unifi\u00e9\u00a0: nous invitons d\u2019abord tous nos patients \u00e0 une consultation externe g\u00e9n\u00e9rale, puis nous leur orientons vers un traitement sp\u00e9cialis\u00e9 si n\u00e9cessaire. Notre objectif est de garantir les meilleurs soins cardiaques au co\u00fbt le plus bas.<\/p>","protected":false},"featured_media":827,"comment_status":"open","ping_status":"closed","template":"","meta":{"_acf_changed":false},"product_brand":[],"product_cat":[34],"product_tag":[37],"class_list":{"0":"post-854","1":"product","2":"type-product","3":"status-publish","4":"has-post-thumbnail","6":"product_cat-toys","7":"product_tag-no-prescription","8":"clearfix","9":"article","11":"first","12":"instock","13":"shipping-taxable","14":"purchasable","15":"product-type-simple"},"acf":[],"_links":{"self":[{"href":"https:\/\/hornytoy.net\/fr\/wp-json\/wp\/v2\/product\/854","targetHints":{"allow":["GET"]}}],"collection":[{"href":"https:\/\/hornytoy.net\/fr\/wp-json\/wp\/v2\/product"}],"about":[{"href":"https:\/\/hornytoy.net\/fr\/wp-json\/wp\/v2\/types\/product"}],"replies":[{"embeddable":true,"href":"https:\/\/hornytoy.net\/fr\/wp-json\/wp\/v2\/comments?post=854"}],"wp:featuredmedia":[{"embeddable":true,"href":"https:\/\/hornytoy.net\/fr\/wp-json\/wp\/v2\/media\/827"}],"wp:attachment":[{"href":"https:\/\/hornytoy.net\/fr\/wp-json\/wp\/v2\/media?parent=854"}],"wp:term":[{"taxonomy":"product_brand","embeddable":true,"href":"https:\/\/hornytoy.net\/fr\/wp-json\/wp\/v2\/product_brand?post=854"},{"taxonomy":"product_cat","embeddable":true,"href":"https:\/\/hornytoy.net\/fr\/wp-json\/wp\/v2\/product_cat?post=854"},{"taxonomy":"product_tag","embeddable":true,"href":"https:\/\/hornytoy.net\/fr\/wp-json\/wp\/v2\/product_tag?post=854"}],"curies":[{"name":"wp","href":"https:\/\/api.w.org\/{rel}","templated":true}]}}