{"id":855,"date":"2017-04-13T15:04:46","date_gmt":"2017-04-13T15:04:46","guid":{"rendered":"https:\/\/xml-io.proteusthemes.com\/medicpress\/?post_type=product&amp;p=855"},"modified":"2017-04-13T15:04:46","modified_gmt":"2017-04-13T15:04:46","slug":"gombi-pills","status":"publish","type":"product","link":"https:\/\/hornytoy.net\/fr\/produit\/gombi-pills\/","title":{"rendered":"Pilules Gombi"},"content":{"rendered":"<p>MedicPress r\u00e9affirme son engagement \u00e0 aider tous et \u00e0 redonner espoir \u00e0 ceux qui l&#039;ont perdu. Dans cette optique, nous pouvons compter sur une \u00e9quipe de m\u00e9decins experts qui prennent soin des patients, ainsi que sur une \u00e9quipe exemplaire de m\u00e9decins b\u00e9n\u00e9voles et de m\u00e9decins retrait\u00e9s.<\/p>","protected":false},"excerpt":{"rendered":"<p>Gr\u00e2ce \u00e0 la politique familiale de la clinique et \u00e0 son personnel extr\u00eamement attentionn\u00e9 et empathique, nous veillons \u00e0 ce que chaque patient se sente comme chez lui et soit bien pris en charge \u00e0 toutes les \u00e9tapes de sa vie.<\/p>","protected":false},"featured_media":828,"comment_status":"open","ping_status":"closed","template":"","meta":{"_acf_changed":false},"product_brand":[],"product_cat":[39],"product_tag":[38],"class_list":{"0":"post-855","1":"product","2":"type-product","3":"status-publish","4":"has-post-thumbnail","6":"product_cat-pills","7":"product_tag-perscription","8":"clearfix","9":"article","11":"first","12":"instock","13":"shipping-taxable","14":"purchasable","15":"product-type-simple"},"acf":[],"_links":{"self":[{"href":"https:\/\/hornytoy.net\/fr\/wp-json\/wp\/v2\/product\/855","targetHints":{"allow":["GET"]}}],"collection":[{"href":"https:\/\/hornytoy.net\/fr\/wp-json\/wp\/v2\/product"}],"about":[{"href":"https:\/\/hornytoy.net\/fr\/wp-json\/wp\/v2\/types\/product"}],"replies":[{"embeddable":true,"href":"https:\/\/hornytoy.net\/fr\/wp-json\/wp\/v2\/comments?post=855"}],"wp:featuredmedia":[{"embeddable":true,"href":"https:\/\/hornytoy.net\/fr\/wp-json\/wp\/v2\/media\/828"}],"wp:attachment":[{"href":"https:\/\/hornytoy.net\/fr\/wp-json\/wp\/v2\/media?parent=855"}],"wp:term":[{"taxonomy":"product_brand","embeddable":true,"href":"https:\/\/hornytoy.net\/fr\/wp-json\/wp\/v2\/product_brand?post=855"},{"taxonomy":"product_cat","embeddable":true,"href":"https:\/\/hornytoy.net\/fr\/wp-json\/wp\/v2\/product_cat?post=855"},{"taxonomy":"product_tag","embeddable":true,"href":"https:\/\/hornytoy.net\/fr\/wp-json\/wp\/v2\/product_tag?post=855"}],"curies":[{"name":"wp","href":"https:\/\/api.w.org\/{rel}","templated":true}]}}