{"id":856,"date":"2017-04-13T15:05:56","date_gmt":"2017-04-13T15:05:56","guid":{"rendered":"https:\/\/xml-io.proteusthemes.com\/medicpress\/?post_type=product&amp;p=856"},"modified":"2017-04-13T15:05:56","modified_gmt":"2017-04-13T15:05:56","slug":"vitamin-c-pills","status":"publish","type":"product","link":"https:\/\/hornytoy.net\/fr\/produit\/vitamin-c-pills\/","title":{"rendered":"Pilules de vitamine C"},"content":{"rendered":"<p>Ouvert 24h\/24 et 7j\/7, nous encourageons nos patients \u00e0 prendre rendez-vous \u00e0 leur convenance afin de minimiser leur temps d&#039;attente. La rapidit\u00e9 de notre service est notre priorit\u00e9. Faites l&#039;exp\u00e9rience de nos soins d\u00e8s aujourd&#039;hui\u00a0: nous sommes convaincus que vous nous choisirez comme votre \u00e9tablissement de r\u00e9f\u00e9rence.<\/p>","protected":false},"excerpt":{"rendered":"<p>MedicPress is a state-of-the-art medical center which is striving towards its commitment to provide comprehensive health care services to the residents as well as any patient walking in at the most affordable cost.<\/p>","protected":false},"featured_media":829,"comment_status":"open","ping_status":"closed","template":"","meta":{"_acf_changed":false},"product_brand":[],"product_cat":[39],"product_tag":[37],"class_list":{"0":"post-856","1":"product","2":"type-product","3":"status-publish","4":"has-post-thumbnail","6":"product_cat-pills","7":"product_tag-no-prescription","8":"clearfix","9":"article","11":"first","12":"instock","13":"shipping-taxable","14":"purchasable","15":"product-type-simple"},"acf":[],"_links":{"self":[{"href":"https:\/\/hornytoy.net\/fr\/wp-json\/wp\/v2\/product\/856","targetHints":{"allow":["GET"]}}],"collection":[{"href":"https:\/\/hornytoy.net\/fr\/wp-json\/wp\/v2\/product"}],"about":[{"href":"https:\/\/hornytoy.net\/fr\/wp-json\/wp\/v2\/types\/product"}],"replies":[{"embeddable":true,"href":"https:\/\/hornytoy.net\/fr\/wp-json\/wp\/v2\/comments?post=856"}],"wp:featuredmedia":[{"embeddable":true,"href":"https:\/\/hornytoy.net\/fr\/wp-json\/wp\/v2\/media\/829"}],"wp:attachment":[{"href":"https:\/\/hornytoy.net\/fr\/wp-json\/wp\/v2\/media?parent=856"}],"wp:term":[{"taxonomy":"product_brand","embeddable":true,"href":"https:\/\/hornytoy.net\/fr\/wp-json\/wp\/v2\/product_brand?post=856"},{"taxonomy":"product_cat","embeddable":true,"href":"https:\/\/hornytoy.net\/fr\/wp-json\/wp\/v2\/product_cat?post=856"},{"taxonomy":"product_tag","embeddable":true,"href":"https:\/\/hornytoy.net\/fr\/wp-json\/wp\/v2\/product_tag?post=856"}],"curies":[{"name":"wp","href":"https:\/\/api.w.org\/{rel}","templated":true}]}}