{"id":857,"date":"2017-04-13T15:06:53","date_gmt":"2017-04-13T15:06:53","guid":{"rendered":"https:\/\/xml-io.proteusthemes.com\/medicpress\/?post_type=product&amp;p=857"},"modified":"2017-04-13T15:06:53","modified_gmt":"2017-04-13T15:06:53","slug":"cocoa-body-cream","status":"publish","type":"product","link":"https:\/\/hornytoy.net\/fr\/produit\/cocoa-body-cream\/","title":{"rendered":"Cr\u00e8me corporelle au cacao"},"content":{"rendered":"<p>Gr\u00e2ce \u00e0 une politique ax\u00e9e sur la famille et \u00e0 une \u00e9quipe extr\u00eamement attentionn\u00e9e et empathique, nous veillons \u00e0 ce que chaque patient se sente comme chez lui et b\u00e9n\u00e9ficie d&#039;une prise en charge optimale \u00e0 chaque \u00e9tape de sa vie. Dans une ambiance chaleureuse et d\u00e9tendue, nous mettons tout en \u0153uvre pour le confort et le bien-\u00eatre de chaque patient. <\/p>","protected":false},"excerpt":{"rendered":"<p>Ouvert 24h\/24 et 7j\/7\u00a0; nous encourageons nos patients \u00e0 prendre rendez-vous \u00e0 leur convenance afin de minimiser leur temps d\u2019attente. Nous sommes fiers de notre service rapide. <\/p>","protected":false},"featured_media":830,"comment_status":"open","ping_status":"closed","template":"","meta":{"_acf_changed":false},"product_brand":[],"product_cat":[34],"product_tag":[35],"class_list":{"0":"post-857","1":"product","2":"type-product","3":"status-publish","4":"has-post-thumbnail","6":"product_cat-toys","7":"product_tag-medicine","8":"clearfix","9":"article","11":"first","12":"instock","13":"shipping-taxable","14":"purchasable","15":"product-type-simple"},"acf":[],"_links":{"self":[{"href":"https:\/\/hornytoy.net\/fr\/wp-json\/wp\/v2\/product\/857","targetHints":{"allow":["GET"]}}],"collection":[{"href":"https:\/\/hornytoy.net\/fr\/wp-json\/wp\/v2\/product"}],"about":[{"href":"https:\/\/hornytoy.net\/fr\/wp-json\/wp\/v2\/types\/product"}],"replies":[{"embeddable":true,"href":"https:\/\/hornytoy.net\/fr\/wp-json\/wp\/v2\/comments?post=857"}],"wp:featuredmedia":[{"embeddable":true,"href":"https:\/\/hornytoy.net\/fr\/wp-json\/wp\/v2\/media\/830"}],"wp:attachment":[{"href":"https:\/\/hornytoy.net\/fr\/wp-json\/wp\/v2\/media?parent=857"}],"wp:term":[{"taxonomy":"product_brand","embeddable":true,"href":"https:\/\/hornytoy.net\/fr\/wp-json\/wp\/v2\/product_brand?post=857"},{"taxonomy":"product_cat","embeddable":true,"href":"https:\/\/hornytoy.net\/fr\/wp-json\/wp\/v2\/product_cat?post=857"},{"taxonomy":"product_tag","embeddable":true,"href":"https:\/\/hornytoy.net\/fr\/wp-json\/wp\/v2\/product_tag?post=857"}],"curies":[{"name":"wp","href":"https:\/\/api.w.org\/{rel}","templated":true}]}}