{"id":858,"date":"2017-04-13T15:07:46","date_gmt":"2017-04-13T15:07:46","guid":{"rendered":"https:\/\/xml-io.proteusthemes.com\/medicpress\/?post_type=product&amp;p=858"},"modified":"2017-04-13T15:07:46","modified_gmt":"2017-04-13T15:07:46","slug":"body-wash-cream","status":"publish","type":"product","link":"https:\/\/hornytoy.net\/fr\/produit\/body-wash-cream\/","title":{"rendered":"Cr\u00e8me lavante pour le corps"},"content":{"rendered":"<p>Par ailleurs, nous prenons \u00e9galement en charge certains des cas les plus complexes et les plus graves de maladies cardiaques et vasculaires. De nombreux h\u00f4pitaux nous adressent leurs cas critiques en raison de l&#039;infrastructure de pointe, des soins m\u00e9dicaux et de l&#039;expertise dont dispose notre \u00e9tablissement. <\/p>","protected":false},"excerpt":{"rendered":"<p>Nous privil\u00e9gions le diagnostic pr\u00e9coce et les m\u00e9thodes pr\u00e9ventives pour enrayer la maladie d\u00e8s son apparition et r\u00e9duire encore davantage le risque de r\u00e9cidive. En d\u00e9finitive, nous garantissons les meilleurs soins cardiaques au co\u00fbt le plus bas.<\/p>","protected":false},"featured_media":832,"comment_status":"open","ping_status":"closed","template":"","meta":{"_acf_changed":false},"product_brand":[],"product_cat":[40,34],"product_tag":[],"class_list":{"0":"post-858","1":"product","2":"type-product","3":"status-publish","4":"has-post-thumbnail","6":"product_cat-set","7":"product_cat-toys","8":"clearfix","9":"article","11":"first","12":"instock","13":"shipping-taxable","14":"purchasable","15":"product-type-simple"},"acf":[],"_links":{"self":[{"href":"https:\/\/hornytoy.net\/fr\/wp-json\/wp\/v2\/product\/858","targetHints":{"allow":["GET"]}}],"collection":[{"href":"https:\/\/hornytoy.net\/fr\/wp-json\/wp\/v2\/product"}],"about":[{"href":"https:\/\/hornytoy.net\/fr\/wp-json\/wp\/v2\/types\/product"}],"replies":[{"embeddable":true,"href":"https:\/\/hornytoy.net\/fr\/wp-json\/wp\/v2\/comments?post=858"}],"wp:featuredmedia":[{"embeddable":true,"href":"https:\/\/hornytoy.net\/fr\/wp-json\/wp\/v2\/media\/832"}],"wp:attachment":[{"href":"https:\/\/hornytoy.net\/fr\/wp-json\/wp\/v2\/media?parent=858"}],"wp:term":[{"taxonomy":"product_brand","embeddable":true,"href":"https:\/\/hornytoy.net\/fr\/wp-json\/wp\/v2\/product_brand?post=858"},{"taxonomy":"product_cat","embeddable":true,"href":"https:\/\/hornytoy.net\/fr\/wp-json\/wp\/v2\/product_cat?post=858"},{"taxonomy":"product_tag","embeddable":true,"href":"https:\/\/hornytoy.net\/fr\/wp-json\/wp\/v2\/product_tag?post=858"}],"curies":[{"name":"wp","href":"https:\/\/api.w.org\/{rel}","templated":true}]}}