{"id":859,"date":"2017-04-13T15:08:48","date_gmt":"2017-04-13T15:08:48","guid":{"rendered":"https:\/\/xml-io.proteusthemes.com\/medicpress\/?post_type=product&amp;p=859"},"modified":"2017-04-13T15:08:48","modified_gmt":"2017-04-13T15:08:48","slug":"firts-flu-aid","status":"publish","type":"product","link":"https:\/\/hornytoy.net\/fr\/produit\/firts-flu-aid\/","title":{"rendered":"Premiers conseils contre la grippe"},"content":{"rendered":"<p>Gr\u00e2ce \u00e0 son fondateur, un chirurgien cardiaque de renom, MedicPress a su s&#039;imposer comme la r\u00e9f\u00e9rence en mati\u00e8re de diagnostic, de traitement et de pr\u00e9vention de toutes sortes de maladies cardiaques et vasculaires. <\/p>","protected":false},"excerpt":{"rendered":"<p>Ici, presque tous les types de troubles cardiovasculaires sont trait\u00e9s, notamment les maladies coronariennes, les arythmies, les maladies du muscle cardiaque, l&#039;insuffisance cardiaque, les valvulopathies, les maladies vasculaires p\u00e9riph\u00e9riques et tous types de malformations.<\/p>","protected":false},"featured_media":831,"comment_status":"open","ping_status":"closed","template":"","meta":{"_acf_changed":false},"product_brand":[],"product_cat":[40],"product_tag":[38],"class_list":{"0":"post-859","1":"product","2":"type-product","3":"status-publish","4":"has-post-thumbnail","6":"product_cat-set","7":"product_tag-perscription","8":"clearfix","9":"article","11":"first","12":"instock","13":"shipping-taxable","14":"purchasable","15":"product-type-simple"},"acf":[],"_links":{"self":[{"href":"https:\/\/hornytoy.net\/fr\/wp-json\/wp\/v2\/product\/859","targetHints":{"allow":["GET"]}}],"collection":[{"href":"https:\/\/hornytoy.net\/fr\/wp-json\/wp\/v2\/product"}],"about":[{"href":"https:\/\/hornytoy.net\/fr\/wp-json\/wp\/v2\/types\/product"}],"replies":[{"embeddable":true,"href":"https:\/\/hornytoy.net\/fr\/wp-json\/wp\/v2\/comments?post=859"}],"wp:featuredmedia":[{"embeddable":true,"href":"https:\/\/hornytoy.net\/fr\/wp-json\/wp\/v2\/media\/831"}],"wp:attachment":[{"href":"https:\/\/hornytoy.net\/fr\/wp-json\/wp\/v2\/media?parent=859"}],"wp:term":[{"taxonomy":"product_brand","embeddable":true,"href":"https:\/\/hornytoy.net\/fr\/wp-json\/wp\/v2\/product_brand?post=859"},{"taxonomy":"product_cat","embeddable":true,"href":"https:\/\/hornytoy.net\/fr\/wp-json\/wp\/v2\/product_cat?post=859"},{"taxonomy":"product_tag","embeddable":true,"href":"https:\/\/hornytoy.net\/fr\/wp-json\/wp\/v2\/product_tag?post=859"}],"curies":[{"name":"wp","href":"https:\/\/api.w.org\/{rel}","templated":true}]}}