{"id":860,"date":"2017-04-13T15:11:43","date_gmt":"2017-04-13T15:11:43","guid":{"rendered":"https:\/\/xml-io.proteusthemes.com\/medicpress\/?post_type=product&amp;p=860"},"modified":"2017-04-13T15:11:43","modified_gmt":"2017-04-13T15:11:43","slug":"nail-health-kit","status":"publish","type":"product","link":"https:\/\/hornytoy.net\/fr\/produit\/nail-health-kit\/","title":{"rendered":"Kit de sant\u00e9 des ongles"},"content":{"rendered":"<p>Nous proposons un service unifi\u00e9\u00a0: nous invitons d\u2019abord tous nos patients \u00e0 une consultation externe g\u00e9n\u00e9rale, puis nous leur orientons vers un traitement sp\u00e9cialis\u00e9 si n\u00e9cessaire. Notre objectif est de garantir les meilleurs soins cardiaques au co\u00fbt le plus bas.<\/p>","protected":false},"excerpt":{"rendered":"<p>Gr\u00e2ce \u00e0 nos installations pour patients hospitalis\u00e9s et ambulatoires, nous offrons une combinaison unique de soins honn\u00eates et personnalis\u00e9s, un diagnostic de premier ordre et un traitement expert sous la supervision d&#039;une \u00e9quipe d&#039;experts de haut niveau. <\/p>","protected":false},"featured_media":833,"comment_status":"open","ping_status":"closed","template":"","meta":{"_acf_changed":false},"product_brand":[],"product_cat":[40],"product_tag":[37],"class_list":{"0":"post-860","1":"product","2":"type-product","3":"status-publish","4":"has-post-thumbnail","6":"product_cat-set","7":"product_tag-no-prescription","8":"clearfix","9":"article","11":"first","12":"instock","13":"shipping-taxable","14":"purchasable","15":"product-type-simple"},"acf":[],"_links":{"self":[{"href":"https:\/\/hornytoy.net\/fr\/wp-json\/wp\/v2\/product\/860","targetHints":{"allow":["GET"]}}],"collection":[{"href":"https:\/\/hornytoy.net\/fr\/wp-json\/wp\/v2\/product"}],"about":[{"href":"https:\/\/hornytoy.net\/fr\/wp-json\/wp\/v2\/types\/product"}],"replies":[{"embeddable":true,"href":"https:\/\/hornytoy.net\/fr\/wp-json\/wp\/v2\/comments?post=860"}],"wp:featuredmedia":[{"embeddable":true,"href":"https:\/\/hornytoy.net\/fr\/wp-json\/wp\/v2\/media\/833"}],"wp:attachment":[{"href":"https:\/\/hornytoy.net\/fr\/wp-json\/wp\/v2\/media?parent=860"}],"wp:term":[{"taxonomy":"product_brand","embeddable":true,"href":"https:\/\/hornytoy.net\/fr\/wp-json\/wp\/v2\/product_brand?post=860"},{"taxonomy":"product_cat","embeddable":true,"href":"https:\/\/hornytoy.net\/fr\/wp-json\/wp\/v2\/product_cat?post=860"},{"taxonomy":"product_tag","embeddable":true,"href":"https:\/\/hornytoy.net\/fr\/wp-json\/wp\/v2\/product_tag?post=860"}],"curies":[{"name":"wp","href":"https:\/\/api.w.org\/{rel}","templated":true}]}}