{"id":843,"date":"2017-04-13T14:50:43","date_gmt":"2017-04-13T14:50:43","guid":{"rendered":"https:\/\/xml-io.proteusthemes.com\/medicpress\/?post_type=product&amp;p=843"},"modified":"2017-04-13T14:50:43","modified_gmt":"2017-04-13T14:50:43","slug":"hand-cream","status":"publish","type":"product","link":"https:\/\/hornytoy.net\/pt\/produto\/hand-cream\/","title":{"rendered":"Creme para as m\u00e3os"},"content":{"rendered":"<p>Todos os alimentos crus devem ser bem lavados antes de serem consumidos ou preparados. Caso algu\u00e9m tenha contra\u00eddo a infec\u00e7\u00e3o, n\u00e3o deve cozinhar ou servir alimentos a outras pessoas por pelo menos tr\u00eas a quatro dias ap\u00f3s o desaparecimento dos sintomas. Por fim, lembre-se de isolar a pessoa doente para evitar a propaga\u00e7\u00e3o ou recorr\u00eancia da doen\u00e7a.<\/p>","protected":false},"excerpt":{"rendered":"<p>Embora a gripe estomacal ou gastroenterite aguda seja geralmente benigna e autolimitada, desaparecendo em poucos dias, ela pode causar mal-estar por alguns dias, deixando voc\u00ea extremamente cansado e fraco. Com o intestino afetado pela gripe, \u00e9 comum sentir sintomas como n\u00e1useas, v\u00f4mitos, diarreia e at\u00e9 febre baixa.<\/p>","protected":false},"featured_media":820,"comment_status":"open","ping_status":"closed","template":"","meta":{"_acf_changed":false},"product_brand":[],"product_cat":[34],"product_tag":[35],"class_list":{"0":"post-843","1":"product","2":"type-product","3":"status-publish","4":"has-post-thumbnail","6":"product_cat-toys","7":"product_tag-medicine","8":"clearfix","9":"article","11":"first","12":"instock","13":"shipping-taxable","14":"purchasable","15":"product-type-simple"},"acf":[],"_links":{"self":[{"href":"https:\/\/hornytoy.net\/pt\/wp-json\/wp\/v2\/product\/843","targetHints":{"allow":["GET"]}}],"collection":[{"href":"https:\/\/hornytoy.net\/pt\/wp-json\/wp\/v2\/product"}],"about":[{"href":"https:\/\/hornytoy.net\/pt\/wp-json\/wp\/v2\/types\/product"}],"replies":[{"embeddable":true,"href":"https:\/\/hornytoy.net\/pt\/wp-json\/wp\/v2\/comments?post=843"}],"wp:featuredmedia":[{"embeddable":true,"href":"https:\/\/hornytoy.net\/pt\/wp-json\/wp\/v2\/media\/820"}],"wp:attachment":[{"href":"https:\/\/hornytoy.net\/pt\/wp-json\/wp\/v2\/media?parent=843"}],"wp:term":[{"taxonomy":"product_brand","embeddable":true,"href":"https:\/\/hornytoy.net\/pt\/wp-json\/wp\/v2\/product_brand?post=843"},{"taxonomy":"product_cat","embeddable":true,"href":"https:\/\/hornytoy.net\/pt\/wp-json\/wp\/v2\/product_cat?post=843"},{"taxonomy":"product_tag","embeddable":true,"href":"https:\/\/hornytoy.net\/pt\/wp-json\/wp\/v2\/product_tag?post=843"}],"curies":[{"name":"wp","href":"https:\/\/api.w.org\/{rel}","templated":true}]}}