{"id":844,"date":"2017-04-13T14:52:50","date_gmt":"2017-04-13T14:52:50","guid":{"rendered":"https:\/\/xml-io.proteusthemes.com\/medicpress\/?post_type=product&amp;p=844"},"modified":"2017-04-13T14:52:50","modified_gmt":"2017-04-13T14:52:50","slug":"flu-syrup","status":"publish","type":"product","link":"https:\/\/hornytoy.net\/pt\/produto\/flu-syrup\/","title":{"rendered":"Xarope para gripe"},"content":{"rendered":"<p>Praticar a higiene adequada das m\u00e3os \u00e9 a primeira medida que deve ser adotada com rigor. As m\u00e3os devem ser esfregadas por pelo menos 15 segundos. Desinfetantes para as m\u00e3os com no m\u00ednimo 60% de \u00e1lcool devem ser usados com a maior frequ\u00eancia poss\u00edvel.<\/p>","protected":false},"excerpt":{"rendered":"<p>Todas as superf\u00edcies expostas da casa devem ser limpas com um produto de limpeza \u00e0 base de \u00e1gua sanit\u00e1ria para eliminar todos os germes. O ideal \u00e9 usar luvas de borracha durante a limpeza. Os panos de limpeza devem ser descartados ou desinfetados com \u00e1gua quente e \u00e1gua sanit\u00e1ria antes do pr\u00f3ximo uso.<\/p>","protected":false},"featured_media":821,"comment_status":"open","ping_status":"closed","template":"","meta":{"_acf_changed":false},"product_brand":[],"product_cat":[],"product_tag":[41],"class_list":{"0":"post-844","1":"product","2":"type-product","3":"status-publish","4":"has-post-thumbnail","6":"product_tag-syrup","7":"clearfix","8":"article","10":"first","11":"instock","12":"shipping-taxable","13":"purchasable","14":"product-type-simple"},"acf":[],"_links":{"self":[{"href":"https:\/\/hornytoy.net\/pt\/wp-json\/wp\/v2\/product\/844","targetHints":{"allow":["GET"]}}],"collection":[{"href":"https:\/\/hornytoy.net\/pt\/wp-json\/wp\/v2\/product"}],"about":[{"href":"https:\/\/hornytoy.net\/pt\/wp-json\/wp\/v2\/types\/product"}],"replies":[{"embeddable":true,"href":"https:\/\/hornytoy.net\/pt\/wp-json\/wp\/v2\/comments?post=844"}],"wp:featuredmedia":[{"embeddable":true,"href":"https:\/\/hornytoy.net\/pt\/wp-json\/wp\/v2\/media\/821"}],"wp:attachment":[{"href":"https:\/\/hornytoy.net\/pt\/wp-json\/wp\/v2\/media?parent=844"}],"wp:term":[{"taxonomy":"product_brand","embeddable":true,"href":"https:\/\/hornytoy.net\/pt\/wp-json\/wp\/v2\/product_brand?post=844"},{"taxonomy":"product_cat","embeddable":true,"href":"https:\/\/hornytoy.net\/pt\/wp-json\/wp\/v2\/product_cat?post=844"},{"taxonomy":"product_tag","embeddable":true,"href":"https:\/\/hornytoy.net\/pt\/wp-json\/wp\/v2\/product_tag?post=844"}],"curies":[{"name":"wp","href":"https:\/\/api.w.org\/{rel}","templated":true}]}}