{"id":845,"date":"2017-04-13T14:54:20","date_gmt":"2017-04-13T14:54:20","guid":{"rendered":"https:\/\/xml-io.proteusthemes.com\/medicpress\/?post_type=product&amp;p=845"},"modified":"2017-04-13T14:54:20","modified_gmt":"2017-04-13T14:54:20","slug":"aspirium-pills","status":"publish","type":"product","link":"https:\/\/hornytoy.net\/pt\/produto\/aspirium-pills\/","title":{"rendered":"Comprimidos de Aspirium"},"content":{"rendered":"<p>If the symptoms persist for a long time, this insomnia leads to severe sleep disorders. Let\u2019s see some of the effects stress can have on the body.<\/p>","protected":false},"excerpt":{"rendered":"<p>Todos os alimentos crus devem ser bem lavados antes de serem consumidos ou preparados. Caso algu\u00e9m tenha contra\u00eddo a infec\u00e7\u00e3o, n\u00e3o deve cozinhar ou servir alimentos a outras pessoas por pelo menos tr\u00eas a quatro dias ap\u00f3s o desaparecimento dos sintomas. Por fim, lembre-se de isolar a pessoa doente para evitar a propaga\u00e7\u00e3o ou recorr\u00eancia da doen\u00e7a.<\/p>","protected":false},"featured_media":823,"comment_status":"open","ping_status":"closed","template":"","meta":{"_acf_changed":false},"product_brand":[],"product_cat":[39],"product_tag":[38],"class_list":{"0":"post-845","1":"product","2":"type-product","3":"status-publish","4":"has-post-thumbnail","6":"product_cat-pills","7":"product_tag-perscription","8":"clearfix","9":"article","11":"first","12":"instock","13":"shipping-taxable","14":"purchasable","15":"product-type-simple"},"acf":[],"_links":{"self":[{"href":"https:\/\/hornytoy.net\/pt\/wp-json\/wp\/v2\/product\/845","targetHints":{"allow":["GET"]}}],"collection":[{"href":"https:\/\/hornytoy.net\/pt\/wp-json\/wp\/v2\/product"}],"about":[{"href":"https:\/\/hornytoy.net\/pt\/wp-json\/wp\/v2\/types\/product"}],"replies":[{"embeddable":true,"href":"https:\/\/hornytoy.net\/pt\/wp-json\/wp\/v2\/comments?post=845"}],"wp:featuredmedia":[{"embeddable":true,"href":"https:\/\/hornytoy.net\/pt\/wp-json\/wp\/v2\/media\/823"}],"wp:attachment":[{"href":"https:\/\/hornytoy.net\/pt\/wp-json\/wp\/v2\/media?parent=845"}],"wp:term":[{"taxonomy":"product_brand","embeddable":true,"href":"https:\/\/hornytoy.net\/pt\/wp-json\/wp\/v2\/product_brand?post=845"},{"taxonomy":"product_cat","embeddable":true,"href":"https:\/\/hornytoy.net\/pt\/wp-json\/wp\/v2\/product_cat?post=845"},{"taxonomy":"product_tag","embeddable":true,"href":"https:\/\/hornytoy.net\/pt\/wp-json\/wp\/v2\/product_tag?post=845"}],"curies":[{"name":"wp","href":"https:\/\/api.w.org\/{rel}","templated":true}]}}