{"id":848,"date":"2017-04-13T14:59:14","date_gmt":"2017-04-13T14:59:14","guid":{"rendered":"https:\/\/xml-io.proteusthemes.com\/medicpress\/?post_type=product&amp;p=848"},"modified":"2017-04-13T14:59:14","modified_gmt":"2017-04-13T14:59:14","slug":"insulin","status":"publish","type":"product","link":"https:\/\/hornytoy.net\/pt\/produto\/insulin\/","title":{"rendered":"Insulina"},"content":{"rendered":"<p>Aqui, tratamos quase todos os tipos de dist\u00farbios cardiovasculares, incluindo doen\u00e7a arterial coronariana, arritmia, doen\u00e7a do m\u00fasculo card\u00edaco, insufici\u00eancia card\u00edaca, doen\u00e7a da v\u00e1lvula card\u00edaca, doen\u00e7a vascular perif\u00e9rica e todos os tipos de defeitos.<\/p>","protected":false},"excerpt":{"rendered":"<p>Numerous hospitals also forward their critical cases to us because of the advanced infrastructure, medical care and expertise available at our hospital. We strive for early diagnosis and preventive methods to nip the disease in the bud and even lower the risk of recurrence.<\/p>","protected":false},"featured_media":824,"comment_status":"open","ping_status":"closed","template":"","meta":{"_acf_changed":false},"product_brand":[],"product_cat":[39],"product_tag":[38],"class_list":{"0":"post-848","1":"product","2":"type-product","3":"status-publish","4":"has-post-thumbnail","6":"product_cat-pills","7":"product_tag-perscription","8":"clearfix","9":"article","11":"first","12":"instock","13":"shipping-taxable","14":"purchasable","15":"product-type-simple"},"acf":[],"_links":{"self":[{"href":"https:\/\/hornytoy.net\/pt\/wp-json\/wp\/v2\/product\/848","targetHints":{"allow":["GET"]}}],"collection":[{"href":"https:\/\/hornytoy.net\/pt\/wp-json\/wp\/v2\/product"}],"about":[{"href":"https:\/\/hornytoy.net\/pt\/wp-json\/wp\/v2\/types\/product"}],"replies":[{"embeddable":true,"href":"https:\/\/hornytoy.net\/pt\/wp-json\/wp\/v2\/comments?post=848"}],"wp:featuredmedia":[{"embeddable":true,"href":"https:\/\/hornytoy.net\/pt\/wp-json\/wp\/v2\/media\/824"}],"wp:attachment":[{"href":"https:\/\/hornytoy.net\/pt\/wp-json\/wp\/v2\/media?parent=848"}],"wp:term":[{"taxonomy":"product_brand","embeddable":true,"href":"https:\/\/hornytoy.net\/pt\/wp-json\/wp\/v2\/product_brand?post=848"},{"taxonomy":"product_cat","embeddable":true,"href":"https:\/\/hornytoy.net\/pt\/wp-json\/wp\/v2\/product_cat?post=848"},{"taxonomy":"product_tag","embeddable":true,"href":"https:\/\/hornytoy.net\/pt\/wp-json\/wp\/v2\/product_tag?post=848"}],"curies":[{"name":"wp","href":"https:\/\/api.w.org\/{rel}","templated":true}]}}