{"id":856,"date":"2017-04-13T15:05:56","date_gmt":"2017-04-13T15:05:56","guid":{"rendered":"https:\/\/xml-io.proteusthemes.com\/medicpress\/?post_type=product&amp;p=856"},"modified":"2017-04-13T15:05:56","modified_gmt":"2017-04-13T15:05:56","slug":"vitamin-c-pills","status":"publish","type":"product","link":"https:\/\/hornytoy.net\/pt\/produto\/vitamin-c-pills\/","title":{"rendered":"Comprimidos de vitamina C"},"content":{"rendered":"<p>Aberto 24 horas por dia, 7 dias por semana; incentivamos os pacientes a agendar consultas no hor\u00e1rio que lhes for mais conveniente, minimizando o tempo de espera. Nos orgulhamos do nosso atendimento \u00e1gil. Experimente o nosso servi\u00e7o e cuidado uma vez, e temos certeza de que nos tornaremos a sua primeira op\u00e7\u00e3o.<\/p>","protected":false},"excerpt":{"rendered":"<p>MedicPress is a state-of-the-art medical center which is striving towards its commitment to provide comprehensive health care services to the residents as well as any patient walking in at the most affordable cost.<\/p>","protected":false},"featured_media":829,"comment_status":"open","ping_status":"closed","template":"","meta":{"_acf_changed":false},"product_brand":[],"product_cat":[39],"product_tag":[37],"class_list":{"0":"post-856","1":"product","2":"type-product","3":"status-publish","4":"has-post-thumbnail","6":"product_cat-pills","7":"product_tag-no-prescription","8":"clearfix","9":"article","11":"first","12":"instock","13":"shipping-taxable","14":"purchasable","15":"product-type-simple"},"acf":[],"_links":{"self":[{"href":"https:\/\/hornytoy.net\/pt\/wp-json\/wp\/v2\/product\/856","targetHints":{"allow":["GET"]}}],"collection":[{"href":"https:\/\/hornytoy.net\/pt\/wp-json\/wp\/v2\/product"}],"about":[{"href":"https:\/\/hornytoy.net\/pt\/wp-json\/wp\/v2\/types\/product"}],"replies":[{"embeddable":true,"href":"https:\/\/hornytoy.net\/pt\/wp-json\/wp\/v2\/comments?post=856"}],"wp:featuredmedia":[{"embeddable":true,"href":"https:\/\/hornytoy.net\/pt\/wp-json\/wp\/v2\/media\/829"}],"wp:attachment":[{"href":"https:\/\/hornytoy.net\/pt\/wp-json\/wp\/v2\/media?parent=856"}],"wp:term":[{"taxonomy":"product_brand","embeddable":true,"href":"https:\/\/hornytoy.net\/pt\/wp-json\/wp\/v2\/product_brand?post=856"},{"taxonomy":"product_cat","embeddable":true,"href":"https:\/\/hornytoy.net\/pt\/wp-json\/wp\/v2\/product_cat?post=856"},{"taxonomy":"product_tag","embeddable":true,"href":"https:\/\/hornytoy.net\/pt\/wp-json\/wp\/v2\/product_tag?post=856"}],"curies":[{"name":"wp","href":"https:\/\/api.w.org\/{rel}","templated":true}]}}