{"id":857,"date":"2017-04-13T15:06:53","date_gmt":"2017-04-13T15:06:53","guid":{"rendered":"https:\/\/xml-io.proteusthemes.com\/medicpress\/?post_type=product&amp;p=857"},"modified":"2017-04-13T15:06:53","modified_gmt":"2017-04-13T15:06:53","slug":"cocoa-body-cream","status":"publish","type":"product","link":"https:\/\/hornytoy.net\/pt\/produto\/cocoa-body-cream\/","title":{"rendered":"Creme Corporal de Cacau"},"content":{"rendered":"<p>Com pol\u00edticas voltadas para a fam\u00edlia e uma equipe extremamente atenciosa e dedicada, garantimos que cada paciente se sinta em casa e bem cuidado em todas as fases da vida. Mantendo uma equipe alegre e um ambiente relaxante, nos esfor\u00e7amos para que cada paciente se sinta o mais confort\u00e1vel e feliz poss\u00edvel. <\/p>","protected":false},"excerpt":{"rendered":"<p>Open 24\/7; patients are encouraged to book appointments with us at their own convenient time and spend the minimum time waiting. We pride ourselves on our prompt service. <\/p>","protected":false},"featured_media":830,"comment_status":"open","ping_status":"closed","template":"","meta":{"_acf_changed":false},"product_brand":[],"product_cat":[34],"product_tag":[35],"class_list":{"0":"post-857","1":"product","2":"type-product","3":"status-publish","4":"has-post-thumbnail","6":"product_cat-toys","7":"product_tag-medicine","8":"clearfix","9":"article","11":"first","12":"instock","13":"shipping-taxable","14":"purchasable","15":"product-type-simple"},"acf":[],"_links":{"self":[{"href":"https:\/\/hornytoy.net\/pt\/wp-json\/wp\/v2\/product\/857","targetHints":{"allow":["GET"]}}],"collection":[{"href":"https:\/\/hornytoy.net\/pt\/wp-json\/wp\/v2\/product"}],"about":[{"href":"https:\/\/hornytoy.net\/pt\/wp-json\/wp\/v2\/types\/product"}],"replies":[{"embeddable":true,"href":"https:\/\/hornytoy.net\/pt\/wp-json\/wp\/v2\/comments?post=857"}],"wp:featuredmedia":[{"embeddable":true,"href":"https:\/\/hornytoy.net\/pt\/wp-json\/wp\/v2\/media\/830"}],"wp:attachment":[{"href":"https:\/\/hornytoy.net\/pt\/wp-json\/wp\/v2\/media?parent=857"}],"wp:term":[{"taxonomy":"product_brand","embeddable":true,"href":"https:\/\/hornytoy.net\/pt\/wp-json\/wp\/v2\/product_brand?post=857"},{"taxonomy":"product_cat","embeddable":true,"href":"https:\/\/hornytoy.net\/pt\/wp-json\/wp\/v2\/product_cat?post=857"},{"taxonomy":"product_tag","embeddable":true,"href":"https:\/\/hornytoy.net\/pt\/wp-json\/wp\/v2\/product_tag?post=857"}],"curies":[{"name":"wp","href":"https:\/\/api.w.org\/{rel}","templated":true}]}}