{"id":859,"date":"2017-04-13T15:08:48","date_gmt":"2017-04-13T15:08:48","guid":{"rendered":"https:\/\/xml-io.proteusthemes.com\/medicpress\/?post_type=product&amp;p=859"},"modified":"2017-04-13T15:08:48","modified_gmt":"2017-04-13T15:08:48","slug":"firts-flu-aid","status":"publish","type":"product","link":"https:\/\/hornytoy.net\/pt\/produto\/firts-flu-aid\/","title":{"rendered":"Primeiros socorros contra a gripe"},"content":{"rendered":"<p>With the hospital founder as a leading cardiac surgeon, MedicPress has been able to establish itself as the ultimate destination for diagnosis, treatment, and prevention of all kinds of heart and vascular diseases and their treatment. <\/p>","protected":false},"excerpt":{"rendered":"<p>Aqui, tratamos quase todos os tipos de dist\u00farbios cardiovasculares, incluindo doen\u00e7a arterial coronariana, arritmia, doen\u00e7a do m\u00fasculo card\u00edaco, insufici\u00eancia card\u00edaca, doen\u00e7a da v\u00e1lvula card\u00edaca, doen\u00e7a vascular perif\u00e9rica e todos os tipos de defeitos.<\/p>","protected":false},"featured_media":831,"comment_status":"open","ping_status":"closed","template":"","meta":{"_acf_changed":false},"product_brand":[],"product_cat":[40],"product_tag":[38],"class_list":{"0":"post-859","1":"product","2":"type-product","3":"status-publish","4":"has-post-thumbnail","6":"product_cat-set","7":"product_tag-perscription","8":"clearfix","9":"article","11":"first","12":"instock","13":"shipping-taxable","14":"purchasable","15":"product-type-simple"},"acf":[],"_links":{"self":[{"href":"https:\/\/hornytoy.net\/pt\/wp-json\/wp\/v2\/product\/859","targetHints":{"allow":["GET"]}}],"collection":[{"href":"https:\/\/hornytoy.net\/pt\/wp-json\/wp\/v2\/product"}],"about":[{"href":"https:\/\/hornytoy.net\/pt\/wp-json\/wp\/v2\/types\/product"}],"replies":[{"embeddable":true,"href":"https:\/\/hornytoy.net\/pt\/wp-json\/wp\/v2\/comments?post=859"}],"wp:featuredmedia":[{"embeddable":true,"href":"https:\/\/hornytoy.net\/pt\/wp-json\/wp\/v2\/media\/831"}],"wp:attachment":[{"href":"https:\/\/hornytoy.net\/pt\/wp-json\/wp\/v2\/media?parent=859"}],"wp:term":[{"taxonomy":"product_brand","embeddable":true,"href":"https:\/\/hornytoy.net\/pt\/wp-json\/wp\/v2\/product_brand?post=859"},{"taxonomy":"product_cat","embeddable":true,"href":"https:\/\/hornytoy.net\/pt\/wp-json\/wp\/v2\/product_cat?post=859"},{"taxonomy":"product_tag","embeddable":true,"href":"https:\/\/hornytoy.net\/pt\/wp-json\/wp\/v2\/product_tag?post=859"}],"curies":[{"name":"wp","href":"https:\/\/api.w.org\/{rel}","templated":true}]}}